{"id":118,"date":"2024-05-20T13:22:13","date_gmt":"2024-05-20T13:22:13","guid":{"rendered":"https:\/\/japan-tengsu.co\/about\/"},"modified":"2024-05-20T22:08:59","modified_gmt":"2024-05-20T22:08:59","slug":"sobre-nos","status":"publish","type":"page","link":"https:\/\/japan-tengsu.co\/pt\/sobre-nos\/","title":{"rendered":"Sobre"},"content":{"rendered":"<div class=\"wp-block-uagb-container uagb-block-7fa683e6 alignfull uagb-is-root-container\"><div class=\"uagb-container-inner-blocks-wrap\">\n<div class=\"wp-block-uagb-advanced-heading uagb-block-74b342eb\"><h1 class=\"uagb-heading-text\">Sobre o Jap\u00e3o Tengsu<\/h1><\/div>\n<\/div><\/div>\n\n\n\n<div class=\"wp-block-uagb-container uagb-block-94ded581 alignfull uagb-is-root-container\"><div class=\"uagb-container-inner-blocks-wrap\">\n<div class=\"wp-block-uagb-advanced-heading uagb-block-671f3570\"><h2 class=\"uagb-heading-text\">A nossa hist\u00f3ria<\/h2><\/div>\n\n\n\n<div class=\"wp-block-uagb-container uagb-block-21891d52\">\n<div class=\"wp-block-uagb-container uagb-block-8a4a99e4\">\n<div class=\"wp-block-uagb-image alignleft uagb-block-e71a6b83 wp-block-uagb-image--layout-default wp-block-uagb-image--effect-static wp-block-uagb-image--align-left\"><figure class=\"wp-block-uagb-image__figure\"><img loading=\"lazy\" decoding=\"async\" srcset=\"https:\/\/japan-tengsu.co\/wp-content\/uploads\/2024\/05\/pexels-photo-4021818-2.jpeg ,https:\/\/japan-tengsu.co\/wp-content\/uploads\/2024\/05\/pexels-photo-4021818-2.jpeg 780w\" sizes=\"auto, (max-width: 480px) 150px\" src=\"https:\/\/japan-tengsu.co\/wp-content\/uploads\/2024\/05\/pexels-photo-4021818-2.jpeg\" alt=\"\" class=\"uag-image-1304\" width=\"526\" height=\"536\" title=\"\" role=\"img\"\/><\/figure><\/div>\n<\/div>\n\n\n\n<div class=\"wp-block-uagb-container uagb-block-7e959f87\">\n<div class=\"wp-block-uagb-info-box uagb-block-4960c374 uagb-infobox__content-wrap  uagb-infobox-icon-above-title uagb-infobox-image-valign-top\"><div class=\"uagb-ifb-content\"><div class=\"uagb-ifb-title-wrap\"><h3 class=\"uagb-ifb-title\">Japan Tengsu \u00e9 um nome de confian\u00e7a na ind\u00fastria de suplementos de ervas, dedicado a melhorar o desempenho sexual masculino e a promover o bem-estar.<\/h3><\/div><p class=\"uagb-ifb-desc\">A Japan Tengsu foi fundada com o objetivo de oferecer aos homens uma alternativa natural para melhorar a vitalidade e a confian\u00e7a sexual.<br><br>A Japan Tengsu tem orgulhosamente servido uma vasta gama de clientes, oferecendo-lhes uma solu\u00e7\u00e3o segura e eficaz para melhorar as suas experi\u00eancias sexuais.<\/p><\/div><\/div>\n<\/div>\n<\/div>\n<\/div><\/div>\n\n\n\n<div class=\"wp-block-uagb-container uagb-block-cc344175 alignfull uagb-is-root-container\"><div class=\"uagb-container-inner-blocks-wrap\">\n<div class=\"wp-block-uagb-advanced-heading uagb-block-7b2294a3\"><h2 class=\"uagb-heading-text\">Os nossos valores fundamentais<\/h2><p class=\"uagb-desc-text\">Princ\u00edpios orientadores que definem o nosso compromisso com a excel\u00eancia e a satisfa\u00e7\u00e3o do cliente.<\/p><\/div>\n\n\n\n<div class=\"wp-block-uagb-container uagb-block-ecb8dade\">\n<div class=\"wp-block-uagb-advanced-heading uagb-block-bef7d43a\"><h3 class=\"uagb-heading-text\">Qualidade<\/h3><p class=\"uagb-desc-text\">Damos prioridade ao fornecimento dos melhores ingredientes \u00e0 base de plantas para garantir a efic\u00e1cia e a seguran\u00e7a dos nossos produtos.<\/p><\/div>\n\n\n\n<div class=\"wp-block-uagb-advanced-heading uagb-block-b863782d\"><h3 class=\"uagb-heading-text\">Integridade<\/h3><p class=\"uagb-desc-text\">Acreditamos em pr\u00e1ticas transparentes, numa comunica\u00e7\u00e3o honesta e no cumprimento do que prometemos aos nossos clientes.<\/p><\/div>\n\n\n\n<div class=\"wp-block-uagb-advanced-heading uagb-block-9f890ad2\"><h3 class=\"uagb-heading-text\">Inova\u00e7\u00e3o<\/h3><p class=\"uagb-desc-text\">Exploramos continuamente os avan\u00e7os nos suplementos de ervas para oferecer solu\u00e7\u00f5es de ponta para o bem-estar sexual masculino.<\/p><\/div>\n<\/div>\n<\/div><\/div>\n\n\n\n<div class=\"wp-block-uagb-container uagb-block-c84325e4 alignfull uagb-is-root-container\"><div class=\"uagb-container-inner-blocks-wrap\">\n<div class=\"wp-block-uagb-info-box uagb-block-d8a09d88 uagb-infobox__content-wrap  uagb-infobox-icon-above-title uagb-infobox-image-valign-top\"><div class=\"uagb-ifb-content\"><div class=\"uagb-ifb-title-wrap\"><h2 class=\"uagb-ifb-title\">Junte-se a n\u00f3s hoje<\/h2><\/div><p class=\"uagb-ifb-desc\">Experimente o aumento natural da vitalidade masculina com o Japan Tengsu. Comece agora a sua viagem para um melhor desempenho.<\/p><div class=\"uagb-ifb-button-wrapper wp-block-button\"><a href=\"\/pt\/contacto\/\" class=\"uagb-infobox-cta-link wp-block-button__link\" target=\"_self\" rel=\"noopener noreferrer\" onclick=\"return true;\" alt=\"\"><span class=\"uagb-inline-editing\">Descubra mais<\/span><\/a><\/div><\/div><\/div>\n<\/div><\/div>","protected":false},"excerpt":{"rendered":"<p>About Japan Tengsu Our Story Our Core Values Guiding principles that define our commitment to excellence and customer satisfaction. Quality [&hellip;]<\/p>\n","protected":false},"author":1,"featured_media":0,"parent":0,"menu_order":0,"comment_status":"closed","ping_status":"closed","template":"","meta":{"_uag_custom_page_level_css":"","site-sidebar-layout":"default","site-content-layout":"","ast-site-content-layout":"default","site-content-style":"default","site-sidebar-style":"default","ast-global-header-display":"","ast-banner-title-visibility":"","ast-main-header-display":"","ast-hfb-above-header-display":"","ast-hfb-below-header-display":"","ast-hfb-mobile-header-display":"","site-post-title":"disabled","ast-breadcrumbs-content":"","ast-featured-img":"","footer-sml-layout":"","ast-disable-related-posts":"","theme-transparent-header-meta":"enabled","adv-header-id-meta":"","stick-header-meta":"","header-above-stick-meta":"","header-main-stick-meta":"","header-below-stick-meta":"","astra-migrate-meta-layouts":"set","ast-page-background-enabled":"default","ast-page-background-meta":{"desktop":{"background-color":"var(--ast-global-color-4)","background-image":"","background-repeat":"repeat","background-position":"center center","background-size":"auto","background-attachment":"scroll","background-type":"","background-media":"","overlay-type":"","overlay-color":"","overlay-opacity":"","overlay-gradient":""},"tablet":{"background-color":"","background-image":"","background-repeat":"repeat","background-position":"center center","background-size":"auto","background-attachment":"scroll","background-type":"","background-media":"","overlay-type":"","overlay-color":"","overlay-opacity":"","overlay-gradient":""},"mobile":{"background-color":"","background-image":"","background-repeat":"repeat","background-position":"center center","background-size":"auto","background-attachment":"scroll","background-type":"","background-media":"","overlay-type":"","overlay-color":"","overlay-opacity":"","overlay-gradient":""}},"ast-content-background-meta":{"desktop":{"background-color":"var(--ast-global-color-5)","background-image":"","background-repeat":"repeat","background-position":"center center","background-size":"auto","background-attachment":"scroll","background-type":"","background-media":"","overlay-type":"","overlay-color":"","overlay-opacity":"","overlay-gradient":""},"tablet":{"background-color":"var(--ast-global-color-5)","background-image":"","background-repeat":"repeat","background-position":"center center","background-size":"auto","background-attachment":"scroll","background-type":"","background-media":"","overlay-type":"","overlay-color":"","overlay-opacity":"","overlay-gradient":""},"mobile":{"background-color":"var(--ast-global-color-5)","background-image":"","background-repeat":"repeat","background-position":"center center","background-size":"auto","background-attachment":"scroll","background-type":"","background-media":"","overlay-type":"","overlay-color":"","overlay-opacity":"","overlay-gradient":""}},"advanced_seo_description":"","jetpack_seo_html_title":"","jetpack_seo_noindex":false,"jetpack_post_was_ever_published":false,"footnotes":""},"class_list":["post-118","page","type-page","status-publish","hentry"],"uagb_featured_image_src":{"full":false,"thumbnail":false,"medium":false,"medium_large":false,"large":false,"1536x1536":false,"2048x2048":false,"trp-custom-language-flag":false,"mailpoet_newsletter_max":false,"woocommerce_thumbnail":false,"woocommerce_single":false,"woocommerce_gallery_thumbnail":false},"uagb_author_info":{"display_name":"jpanteng","author_link":"https:\/\/japan-tengsu.co\/pt\/author\/jpanteng\/"},"uagb_comment_info":0,"uagb_excerpt":"About Japan Tengsu Our Story Our Core Values Guiding principles that define our commitment to excellence and customer satisfaction. Quality [&hellip;]","jetpack_sharing_enabled":true,"_links":{"self":[{"href":"https:\/\/japan-tengsu.co\/pt\/wp-json\/wp\/v2\/pages\/118","targetHints":{"allow":["GET"]}}],"collection":[{"href":"https:\/\/japan-tengsu.co\/pt\/wp-json\/wp\/v2\/pages"}],"about":[{"href":"https:\/\/japan-tengsu.co\/pt\/wp-json\/wp\/v2\/types\/page"}],"author":[{"embeddable":true,"href":"https:\/\/japan-tengsu.co\/pt\/wp-json\/wp\/v2\/users\/1"}],"replies":[{"embeddable":true,"href":"https:\/\/japan-tengsu.co\/pt\/wp-json\/wp\/v2\/comments?post=118"}],"version-history":[{"count":3,"href":"https:\/\/japan-tengsu.co\/pt\/wp-json\/wp\/v2\/pages\/118\/revisions"}],"predecessor-version":[{"id":1348,"href":"https:\/\/japan-tengsu.co\/pt\/wp-json\/wp\/v2\/pages\/118\/revisions\/1348"}],"wp:attachment":[{"href":"https:\/\/japan-tengsu.co\/pt\/wp-json\/wp\/v2\/media?parent=118"}],"curies":[{"name":"wp","href":"https:\/\/api.w.org\/{rel}","templated":true}]}}