{"id":973,"date":"2018-10-18T02:18:58","date_gmt":"2018-10-18T02:18:58","guid":{"rendered":"https:\/\/japan-tengsu.co\/product\/1-tengu-bottle\/"},"modified":"2025-10-07T13:09:00","modified_gmt":"2025-10-07T13:09:00","slug":"1-bouteille-de-tengu","status":"publish","type":"product","link":"https:\/\/japan-tengsu.co\/fr\/produit\/1-bouteille-de-tengu\/","title":{"rendered":"1 BOUTEILLE JAPONAISE TENGSU"},"content":{"rendered":"<div class=\"\\&quot;first-sentence-half\\&quot;\"><span class=\"\\&quot;nd-word\\&quot;\">Japon\u00a0<\/span><span class=\"\\&quot;nd-word\\&quot;\">Tengsu\u00a0<\/span><span class=\"\\&quot;nd-word\\&quot;\">pi\u00e8ces de th\u00e9\u00e2tre\u00a0<\/span><span class=\"\\&quot;nd-word\\&quot;\">a\u00a0<\/span><span class=\"\\&quot;nd-word\\&quot;\">majeur\u00a0<\/span><span class=\"\\&quot;nd-word\\&quot;\">r\u00f4le\u00a0<\/span><span class=\"\\&quot;nd-word\\&quot;\">en\u00a0<\/span><span class=\"\\&quot;nd-word\\&quot;\">sexuelle\u00a0<\/span><span class=\"\\&quot;nd-word\\&quot;\">m\u00e2le\u00a0<\/span><span class=\"\\&quot;nd-word\\&quot;\">am\u00e9lioration\u00a0<\/span><span class=\"\\&quot;nd-word\\&quot;\">m\u00e9dicaments.\u00a0<\/span><span class=\"\\&quot;nd-word\\&quot;\">Il y a <\/span><span class=\"\\&quot;nd-word\\&quot;\">sont\u00a0<\/span><span class=\"\\&quot;nd-word\\&quot;\">nombreux\u00a0<\/span><span class=\"\\&quot;nd-word\\&quot;\">capsules\u00a0<\/span><span class=\"\\&quot;nd-word\\&quot;\">et\u00a0<\/span><span class=\"\\&quot;nd-word\\&quot;\">pilules\u00a0<\/span><span class=\"\\&quot;nd-word\\&quot;\">pour\u00a0<\/span><span class=\"\\&quot;nd-word\\&quot;\">sexe\u00a0<\/span><span class=\"\\&quot;nd-word\\&quot;\">am\u00e9lioration\u00a0<\/span><\/div>\n<div class=\"\\&quot;second-sentence-half\\&quot;\"><span class=\"\\&quot;nd-word\\&quot;\">disponible\u00a0<\/span><span class=\"\\&quot;nd-word\\&quot;\">sur\u00a0<\/span><span class=\"\\&quot;nd-word\\&quot;\">les\u00a0<\/span><span class=\"\\&quot;nd-word\\&quot;\">march\u00e9\u00a0<\/span><span class=\"\\&quot;nd-word\\&quot;\">que\u00a0<\/span><span class=\"\\&quot;nd-word\\&quot;\">sont\u00a0<\/span><span class=\"\\&quot;nd-word\\&quot;\">tr\u00e8s\u00a0<\/span><span class=\"\\&quot;nd-word\\&quot;\">utile\u00a0<\/span><span class=\"\\&quot;nd-word\\&quot;\">pour\u00a0<\/span><span class=\"\\&quot;nd-word\\&quot;\">m\u00e2les,\u00a0<\/span><span class=\"\\&quot;nd-word\\&quot;\">mais\u00a0<\/span><span class=\"\\&quot;nd-word\\&quot;\">Japon\u00a0<\/span><span class=\"\\&quot;nd-word\\&quot;\">Tengsu\u00a0<\/span><span class=\"\\&quot;nd-word\\&quot;\">est\u00a0<\/span><span class=\"\\&quot;nd-word\\&quot;\">les\u00a0<\/span><span class=\"\\&quot;nd-word\\&quot;\">meilleur\u00a0<\/span><span class=\"\\&quot;nd-word\\&quot;\">mani\u00e8re\u00a0<\/span><span class=\"\\&quot;nd-word\\&quot;\">\u00e0\u00a0<\/span><span class=\"\\&quot;nd-word\\&quot;\">am\u00e9liorer\u00a0<\/span><span class=\"\\&quot;nd-word\\&quot;\">sexuelle\u00a0<\/span><span class=\"\\&quot;nd-word\\&quot;\">puissance.\u00a0<\/span><\/div>\n<div><\/div>\n<div class=\"\\&quot;first-sentence-half\\&quot;\"><span class=\"\\&quot;nd-word\\&quot;\">Fonctionne\u00a0<\/span><span class=\"\\&quot;nd-word\\&quot;\">sur :\u00a0<\/span><\/div>\n<div><\/div>\n<ul>\n<li class=\"\\&quot;first-sentence-half\\&quot;\"><span class=\"\\&quot;nd-word\\&quot;\">am\u00e9liorer\u00a0<\/span><span class=\"\\&quot;nd-word\\&quot;\">globale <\/span><span class=\"\\&quot;nd-word\\&quot;\">m\u00e2le\u00a0<\/span><span class=\"\\&quot;nd-word\\&quot;\">sexuelle\u00a0<\/span><span class=\"\\&quot;nd-word\\&quot;\">activit\u00e9.\u00a0<\/span><\/li>\n<li class=\"\\&quot;first-sentence-half\\&quot;\"><span class=\"\\&quot;nd-word\\&quot;\">Inhibition\u00a0<\/span><span class=\"\\&quot;nd-word\\&quot;\">pr\u00e9matur\u00e9\u00a0<\/span><span class=\"\\&quot;nd-word\\&quot;\">\u00e9jaculation\u00a0<\/span><span class=\"\\&quot;nd-word\\&quot;\">de\u00a0<\/span><span class=\"\\&quot;nd-word\\&quot;\">les\u00a0<\/span><span class=\"\\&quot;nd-word\\&quot;\">substance\u00a0<\/span><span class=\"\\&quot;nd-word\\&quot;\">alors que\u00a0<\/span><span class=\"\\&quot;nd-word\\&quot;\">engag\u00e9\u00a0<\/span><span class=\"\\&quot;nd-word\\&quot;\">en\u00a0<\/span><span class=\"\\&quot;nd-word\\&quot;\">sexe\u00a0 <\/span><\/li>\n<li class=\"\\&quot;first-sentence-half\\&quot;\"><span class=\"\\&quot;nd-word\\&quot;\">Le pr\u00e9sent\u00a0<\/span><span class=\"\\&quot;nd-word\\&quot;\">produit\u00a0<\/span><span class=\"\\&quot;nd-word\\&quot;\">augmentations <\/span><span class=\"\\&quot;nd-word\\&quot;\">l'endurance\u00a0<\/span><span class=\"\\&quot;nd-word\\&quot;\">en\u00a0<\/span><span class=\"\\&quot;nd-word\\&quot;\">hommes.\u00a0<\/span><\/li>\n<li class=\"\\&quot;first-sentence-half\\&quot;\"><span class=\"\\&quot;nd-word\\&quot;\">Aide\u00a0<\/span><span class=\"\\&quot;nd-word\\&quot;\">\u00e0\u00a0<\/span><span class=\"\\&quot;nd-word\\&quot;\">\u00e9viter <\/span><span class=\"\\&quot;nd-word\\&quot;\">m\u00e2le\u00a0<\/span><span class=\"\\&quot;nd-word\\&quot;\">\u00e9rectile\u00a0<\/span><span class=\"\\&quot;nd-word\\&quot;\">dysfonctionnement.\u00a0<\/span><\/li>\n<\/ul>","protected":false},"excerpt":{"rendered":"<p>Initial Japan Tengsu est une pilule d'am\u00e9lioration masculine super puissante qui agit rapidement. <span class=\"\\&quot;nd-word\\&quot;\">seulement\u00a0 <\/span><span class=\"\\&quot;nd-word\\&quot;\">prend\u00a0<\/span><span class=\"\\&quot;nd-word\\&quot;\">20-30\u00a0<\/span><span class=\"\\&quot;nd-word\\&quot;\">minutes.\u00a0 <\/span><span class=\"\\&quot;nd-word\\&quot;\">Il\u00a0<\/span><span class=\"\\&quot;nd-word\\&quot;\">volont\u00e9\u00a0<\/span><span class=\"\\&quot;nd-word\\&quot;\">avoir\u00a0<\/span><span class=\"\\&quot;nd-word\\&quot;\">a\u00a0<\/span><span class=\"\\&quot;nd-word\\&quot;\">durable,\u00a0<\/span><span class=\"\\&quot;nd-word\\&quot;\">ferme,\u00a0<\/span><span class=\"\\&quot;nd-word\\&quot;\">dur\u00a0<\/span><span class=\"\\&quot;nd-word\\&quot;\">\u00e9rection\u00a0<\/span><span class=\"\\&quot;nd-word\\&quot;\">et\u00a0<\/span><span class=\"\\&quot;nd-word\\&quot;\">volont\u00e9\u00a0<\/span><span class=\"\\&quot;nd-word\\&quot;\">augmenter\u00a0<\/span><span class=\"\\&quot;nd-word\\&quot;\">votre\u00a0<\/span><span class=\"\\&quot;nd-word\\&quot;\">l'\u00e9nergie\u00a0<\/span><span class=\"\\&quot;nd-word\\&quot;\">pour\u00a0<\/span><span class=\"\\&quot;nd-word\\&quot;\">sexuelle\u00a0<\/span><span class=\"\\&quot;nd-word\\&quot;\">activit\u00e9s.<\/span><\/p>","protected":false},"featured_media":7639,"comment_status":"open","ping_status":"closed","template":"","meta":{"_uag_custom_page_level_css":"","site-sidebar-layout":"default","site-content-layout":"","ast-site-content-layout":"default","site-content-style":"default","site-sidebar-style":"default","ast-global-header-display":"","ast-banner-title-visibility":"","ast-main-header-display":"","ast-hfb-above-header-display":"","ast-hfb-below-header-display":"","ast-hfb-mobile-header-display":"","site-post-title":"","ast-breadcrumbs-content":"","ast-featured-img":"","footer-sml-layout":"","ast-disable-related-posts":"","theme-transparent-header-meta":"default","adv-header-id-meta":"","stick-header-meta":"","header-above-stick-meta":"","header-main-stick-meta":"","header-below-stick-meta":"","astra-migrate-meta-layouts":"set","ast-page-background-enabled":"default","ast-page-background-meta":{"desktop":{"background-color":"var(--ast-global-color-4)","background-image":"","background-repeat":"repeat","background-position":"center center","background-size":"auto","background-attachment":"scroll","background-type":"","background-media":"","overlay-type":"","overlay-color":"","overlay-opacity":"","overlay-gradient":""},"tablet":{"background-color":"","background-image":"","background-repeat":"repeat","background-position":"center center","background-size":"auto","background-attachment":"scroll","background-type":"","background-media":"","overlay-type":"","overlay-color":"","overlay-opacity":"","overlay-gradient":""},"mobile":{"background-color":"","background-image":"","background-repeat":"repeat","background-position":"center center","background-size":"auto","background-attachment":"scroll","background-type":"","background-media":"","overlay-type":"","overlay-color":"","overlay-opacity":"","overlay-gradient":""}},"ast-content-background-meta":{"desktop":{"background-color":"var(--ast-global-color-5)","background-image":"","background-repeat":"repeat","background-position":"center center","background-size":"auto","background-attachment":"scroll","background-type":"","background-media":"","overlay-type":"","overlay-color":"","overlay-opacity":"","overlay-gradient":""},"tablet":{"background-color":"var(--ast-global-color-5)","background-image":"","background-repeat":"repeat","background-position":"center center","background-size":"auto","background-attachment":"scroll","background-type":"","background-media":"","overlay-type":"","overlay-color":"","overlay-opacity":"","overlay-gradient":""},"mobile":{"background-color":"var(--ast-global-color-5)","background-image":"","background-repeat":"repeat","background-position":"center center","background-size":"auto","background-attachment":"scroll","background-type":"","background-media":"","overlay-type":"","overlay-color":"","overlay-opacity":"","overlay-gradient":""}},"advanced_seo_description":"","jetpack_seo_html_title":"","jetpack_seo_noindex":false,"jetpack_post_was_ever_published":false},"product_brand":[],"product_cat":[20],"product_tag":[],"class_list":{"0":"post-973","1":"product","2":"type-product","3":"status-publish","4":"has-post-thumbnail","6":"product_cat-buy-tengsu-japan","7":"desktop-align-left","8":"tablet-align-left","9":"mobile-align-left","11":"first","12":"instock","13":"sale","14":"shipping-taxable","15":"product-type-external"},"uagb_featured_image_src":{"full":["https:\/\/japan-tengsu.co\/wp-content\/uploads\/2018\/10\/1-1.jpg",450,450,false],"thumbnail":["https:\/\/japan-tengsu.co\/wp-content\/uploads\/2018\/10\/1-1-150x150.jpg",150,150,true],"medium":["https:\/\/japan-tengsu.co\/wp-content\/uploads\/2018\/10\/1-1-300x300.jpg",300,300,true],"medium_large":["https:\/\/japan-tengsu.co\/wp-content\/uploads\/2018\/10\/1-1.jpg",450,450,false],"large":["https:\/\/japan-tengsu.co\/wp-content\/uploads\/2018\/10\/1-1.jpg",450,450,false],"1536x1536":["https:\/\/japan-tengsu.co\/wp-content\/uploads\/2018\/10\/1-1.jpg",450,450,false],"2048x2048":["https:\/\/japan-tengsu.co\/wp-content\/uploads\/2018\/10\/1-1.jpg",450,450,false],"trp-custom-language-flag":["https:\/\/japan-tengsu.co\/wp-content\/uploads\/2018\/10\/1-1.jpg",12,12,false],"mailpoet_newsletter_max":["https:\/\/japan-tengsu.co\/wp-content\/uploads\/2018\/10\/1-1.jpg",450,450,false],"woocommerce_thumbnail":["https:\/\/japan-tengsu.co\/wp-content\/uploads\/2018\/10\/1-1-300x300.jpg",300,300,true],"woocommerce_single":["https:\/\/japan-tengsu.co\/wp-content\/uploads\/2018\/10\/1-1.jpg",450,450,false],"woocommerce_gallery_thumbnail":["https:\/\/japan-tengsu.co\/wp-content\/uploads\/2018\/10\/1-1-100x100.jpg",100,100,true]},"uagb_author_info":{"display_name":"jpanteng","author_link":"https:\/\/japan-tengsu.co\/fr\/author\/"},"uagb_comment_info":4,"uagb_excerpt":"Initial Japan Tengsu is a super powerful male enhancement pill for men that works quickly. only\u00a0 takes\u00a020-30\u00a0minutes.\u00a0 It\u00a0will\u00a0have\u00a0a\u00a0long-lasting,\u00a0firm,\u00a0hard\u00a0erection\u00a0and\u00a0will\u00a0increase\u00a0your\u00a0energy\u00a0for\u00a0sexual\u00a0activities.","jetpack_sharing_enabled":true,"_links":{"self":[{"href":"https:\/\/japan-tengsu.co\/fr\/wp-json\/wp\/v2\/product\/973","targetHints":{"allow":["GET"]}}],"collection":[{"href":"https:\/\/japan-tengsu.co\/fr\/wp-json\/wp\/v2\/product"}],"about":[{"href":"https:\/\/japan-tengsu.co\/fr\/wp-json\/wp\/v2\/types\/product"}],"replies":[{"embeddable":true,"href":"https:\/\/japan-tengsu.co\/fr\/wp-json\/wp\/v2\/comments?post=973"}],"wp:featuredmedia":[{"embeddable":true,"href":"https:\/\/japan-tengsu.co\/fr\/wp-json\/wp\/v2\/media\/7639"}],"wp:attachment":[{"href":"https:\/\/japan-tengsu.co\/fr\/wp-json\/wp\/v2\/media?parent=973"}],"wp:term":[{"taxonomy":"product_brand","embeddable":true,"href":"https:\/\/japan-tengsu.co\/fr\/wp-json\/wp\/v2\/product_brand?post=973"},{"taxonomy":"product_cat","embeddable":true,"href":"https:\/\/japan-tengsu.co\/fr\/wp-json\/wp\/v2\/product_cat?post=973"},{"taxonomy":"product_tag","embeddable":true,"href":"https:\/\/japan-tengsu.co\/fr\/wp-json\/wp\/v2\/product_tag?post=973"}],"curies":[{"name":"wp","href":"https:\/\/api.w.org\/{rel}","templated":true}]}}