{"id":167,"date":"2024-05-20T13:22:13","date_gmt":"2024-05-20T13:22:13","guid":{"rendered":"https:\/\/japan-tengsu.co\/offerings\/"},"modified":"2024-05-20T15:58:53","modified_gmt":"2024-05-20T15:58:53","slug":"page-de-la-boutique","status":"publish","type":"page","link":"https:\/\/japan-tengsu.co\/fr\/page-de-la-boutique\/","title":{"rendered":"Boutique"},"content":{"rendered":"<div class=\"wp-block-uagb-container uagb-block-6803eae3 alignfull uagb-is-root-container\"><div class=\"uagb-container-inner-blocks-wrap\">\n<div class=\"wp-block-uagb-advanced-heading uagb-block-a2f9964e\"><h1 class=\"uagb-heading-text\">Am\u00e9liorer les performances<\/h1><\/div>\n<\/div><\/div>\n\n\n\n<div class=\"wp-block-uagb-container uagb-block-4314a839 alignfull uagb-is-root-container\"><div class=\"uagb-container-inner-blocks-wrap\">\n<div class=\"wp-block-uagb-advanced-heading uagb-block-0d5d6ecf\"><div class=\"uagb-separator\"><\/div><h2 class=\"uagb-heading-text\">Choisissez votre pack<\/h2><\/div>\n<\/div><\/div>\n\n\n\n<div class=\"wp-block-uagb-container uagb-block-44f70ac8 alignfull uagb-is-root-container\"><div class=\"uagb-container-inner-blocks-wrap\">\n<div class=\"wp-block-uagb-container uagb-block-fecc3c3e alignfull uagb-is-root-container\"><div class=\"uagb-container-inner-blocks-wrap\">\n<div class=\"wp-block-uagb-container uagb-block-1e90572e\">\n<div class=\"wp-block-uagb-image uagb-block-ed1e9ff7 wp-block-uagb-image--layout-default wp-block-uagb-image--effect-static wp-block-uagb-image--align-none\"><figure class=\"wp-block-uagb-image__figure\"><img loading=\"lazy\" decoding=\"async\" srcset=\"https:\/\/japan-tengsu.co\/wp-content\/uploads\/2024\/05\/japan-tengsu.png ,https:\/\/japan-tengsu.co\/wp-content\/uploads\/2024\/05\/japan-tengsu.png 780w, https:\/\/japan-tengsu.co\/wp-content\/uploads\/2024\/05\/japan-tengsu.png 360w\" sizes=\"auto, (max-width: 480px) 150px\" src=\"https:\/\/japan-tengsu.co\/wp-content\/uploads\/2024\/05\/japan-tengsu.png\" alt=\"\" class=\"uag-image-1363\" width=\"717\" height=\"654\" title=\"japon-tengsu\" role=\"img\"\/><\/figure><\/div>\n\n\n\n<div class=\"wp-block-uagb-info-box uagb-block-32066292 uagb-infobox__content-wrap  uagb-infobox-icon-above-title uagb-infobox-image-valign-top\"><div class=\"uagb-ifb-content\"><div class=\"uagb-ifb-title-wrap\"><h3 class=\"uagb-ifb-title\"><br>1 Bo\u00eete Japon Tengsu<\/h3><\/div><p class=\"uagb-ifb-desc\"><strong>27.99<\/strong>$<\/p><\/div><\/div>\n\n\n\n<div class=\"wp-block-uagb-buttons uagb-buttons__outer-wrap uagb-btn__default-btn uagb-btn-tablet__default-btn uagb-btn-mobile__default-btn uagb-block-dc17b46d\"><div class=\"uagb-buttons__wrap uagb-buttons-layout-wrap\">\n<div class=\"wp-block-uagb-buttons-child uagb-buttons__outer-wrap uagb-block-c5afedd2 wp-block-button\"><div class=\"uagb-button__wrapper\"><a class=\"uagb-buttons-repeater wp-block-button__link\" aria-label=\"\" href=\"https:\/\/japan-tengsu.co\/fr\/1box\/\" rel=\"nofollow noopener\" target=\"_self\" role=\"button\"><div class=\"uagb-button__link\">Acheter maintenant<\/div><\/a><\/div><\/div>\n<\/div><\/div>\n<\/div>\n\n\n\n<div class=\"wp-block-uagb-container uagb-block-23061c65\">\n<div class=\"wp-block-uagb-image uagb-block-d5921d2a wp-block-uagb-image--layout-default wp-block-uagb-image--effect-static wp-block-uagb-image--align-none\"><figure class=\"wp-block-uagb-image__figure\"><img loading=\"lazy\" decoding=\"async\" srcset=\"https:\/\/japan-tengsu.co\/wp-content\/uploads\/2024\/05\/japan-tengsu.png ,https:\/\/japan-tengsu.co\/wp-content\/uploads\/2024\/05\/japan-tengsu.png 780w, https:\/\/japan-tengsu.co\/wp-content\/uploads\/2024\/05\/japan-tengsu.png 360w\" sizes=\"auto, (max-width: 480px) 150px\" src=\"https:\/\/japan-tengsu.co\/wp-content\/uploads\/2024\/05\/japan-tengsu.png\" alt=\"\" class=\"uag-image-1363\" width=\"717\" height=\"654\" title=\"japon-tengsu\" role=\"img\"\/><\/figure><\/div>\n\n\n\n<div class=\"wp-block-uagb-info-box uagb-block-79413fe3 uagb-infobox__content-wrap  uagb-infobox-icon-above-title uagb-infobox-image-valign-top\"><div class=\"uagb-ifb-content\"><div class=\"uagb-ifb-title-wrap\"><h3 class=\"uagb-ifb-title\"><br>2 Bo\u00eete Japon Tengsu<\/h3><\/div><p class=\"uagb-ifb-desc\"><strong>37.99<\/strong>$<\/p><\/div><\/div>\n\n\n\n<div class=\"wp-block-uagb-buttons uagb-buttons__outer-wrap uagb-btn__default-btn uagb-btn-tablet__default-btn uagb-btn-mobile__default-btn uagb-block-39114ede\"><div class=\"uagb-buttons__wrap uagb-buttons-layout-wrap\">\n<div class=\"wp-block-uagb-buttons-child uagb-buttons__outer-wrap uagb-block-fca011a6 wp-block-button\"><div class=\"uagb-button__wrapper\"><a class=\"uagb-buttons-repeater wp-block-button__link\" aria-label=\"\" href=\"https:\/\/japan-tengsu.co\/fr\/2box\/\" rel=\"nofollow noopener\" target=\"_self\" role=\"button\"><div class=\"uagb-button__link\">Acheter maintenant<\/div><\/a><\/div><\/div>\n<\/div><\/div>\n<\/div>\n\n\n\n<div class=\"wp-block-uagb-container uagb-block-1e754422\">\n<div class=\"wp-block-uagb-image uagb-block-b2f27c14 wp-block-uagb-image--layout-default wp-block-uagb-image--effect-static wp-block-uagb-image--align-none\"><figure class=\"wp-block-uagb-image__figure\"><img loading=\"lazy\" decoding=\"async\" srcset=\"https:\/\/japan-tengsu.co\/wp-content\/uploads\/2024\/05\/japan-tengsu.png ,https:\/\/japan-tengsu.co\/wp-content\/uploads\/2024\/05\/japan-tengsu.png 780w, https:\/\/japan-tengsu.co\/wp-content\/uploads\/2024\/05\/japan-tengsu.png 360w\" sizes=\"auto, (max-width: 480px) 150px\" src=\"https:\/\/japan-tengsu.co\/wp-content\/uploads\/2024\/05\/japan-tengsu.png\" alt=\"\" class=\"uag-image-1363\" width=\"717\" height=\"654\" title=\"japon-tengsu\" role=\"img\"\/><\/figure><\/div>\n\n\n\n<div class=\"wp-block-uagb-info-box uagb-block-4a90414f uagb-infobox__content-wrap  uagb-infobox-icon-above-title uagb-infobox-image-valign-top\"><div class=\"uagb-ifb-content\"><div class=\"uagb-ifb-title-wrap\"><h3 class=\"uagb-ifb-title\"><br>3 Bo\u00eete Japon Tengsu<\/h3><\/div><p class=\"uagb-ifb-desc\"><strong>45.99<\/strong>$<\/p><\/div><\/div>\n\n\n\n<div class=\"wp-block-uagb-buttons uagb-buttons__outer-wrap uagb-btn__default-btn uagb-btn-tablet__default-btn uagb-btn-mobile__default-btn uagb-block-ec9d778d\"><div class=\"uagb-buttons__wrap uagb-buttons-layout-wrap\">\n<div class=\"wp-block-uagb-buttons-child uagb-buttons__outer-wrap uagb-block-173bf232 wp-block-button\"><div class=\"uagb-button__wrapper\"><a class=\"uagb-buttons-repeater wp-block-button__link\" aria-label=\"\" href=\"https:\/\/japan-tengsu.co\/fr\/3box\/\" rel=\"nofollow noopener\" target=\"_self\" role=\"button\"><div class=\"uagb-button__link\">Acheter maintenant<\/div><\/a><\/div><\/div>\n<\/div><\/div>\n<\/div>\n\n\n\n<div class=\"wp-block-uagb-container uagb-block-6435a0d3\">\n<div class=\"wp-block-uagb-image uagb-block-f1f645ed wp-block-uagb-image--layout-default wp-block-uagb-image--effect-static wp-block-uagb-image--align-none\"><figure class=\"wp-block-uagb-image__figure\"><img loading=\"lazy\" decoding=\"async\" srcset=\"https:\/\/japan-tengsu.co\/wp-content\/uploads\/2024\/05\/japan-tengsu.png ,https:\/\/japan-tengsu.co\/wp-content\/uploads\/2024\/05\/japan-tengsu.png 780w, https:\/\/japan-tengsu.co\/wp-content\/uploads\/2024\/05\/japan-tengsu.png 360w\" sizes=\"auto, (max-width: 480px) 150px\" src=\"https:\/\/japan-tengsu.co\/wp-content\/uploads\/2024\/05\/japan-tengsu.png\" alt=\"\" class=\"uag-image-1363\" width=\"717\" height=\"654\" title=\"japon-tengsu\" role=\"img\"\/><\/figure><\/div>\n\n\n\n<div class=\"wp-block-uagb-info-box uagb-block-b2dce50a uagb-infobox__content-wrap  uagb-infobox-icon-above-title uagb-infobox-image-valign-top\"><div class=\"uagb-ifb-content\"><div class=\"uagb-ifb-title-wrap\"><h3 class=\"uagb-ifb-title\"><br>5 Bo\u00eete Japon Tengsu<\/h3><\/div><p class=\"uagb-ifb-desc\"><strong>66.99<\/strong>$<\/p><\/div><\/div>\n\n\n\n<div class=\"wp-block-uagb-buttons uagb-buttons__outer-wrap uagb-btn__default-btn uagb-btn-tablet__default-btn uagb-btn-mobile__default-btn uagb-block-df1f5368\"><div class=\"uagb-buttons__wrap uagb-buttons-layout-wrap\">\n<div class=\"wp-block-uagb-buttons-child uagb-buttons__outer-wrap uagb-block-5b5e24ee wp-block-button\"><div class=\"uagb-button__wrapper\"><a class=\"uagb-buttons-repeater wp-block-button__link\" aria-label=\"\" href=\"https:\/\/japan-tengsu.co\/fr\/5box\/\" rel=\"nofollow noopener\" target=\"_self\" role=\"button\"><div class=\"uagb-button__link\">Acheter maintenant<\/div><\/a><\/div><\/div>\n<\/div><\/div>\n<\/div>\n<\/div><\/div>\n<\/div><\/div>\n\n\n\n<div class=\"wp-block-uagb-container uagb-block-623363c6 alignfull uagb-is-root-container\"><div class=\"uagb-container-inner-blocks-wrap\">\n<div class=\"wp-block-uagb-info-box uagb-block-3801b6ed uagb-infobox__content-wrap  uagb-infobox-icon-above-title uagb-infobox-image-valign-top\"><div class=\"uagb-ifb-content\"><div class=\"uagb-ifb-title-wrap\"><h2 class=\"uagb-ifb-title\">Nos offres<\/h2><\/div><p class=\"uagb-ifb-desc\">D\u00e9couvrez notre gamme de compl\u00e9ments alimentaires \u00e0 base de plantes pour am\u00e9liorer le bien-\u00eatre sexuel des hommes.<\/p><\/div><\/div>\n\n\n\n<div class=\"wp-block-uagb-container uagb-block-e91230d3\">\n<div class=\"wp-block-uagb-container uagb-block-b46395ef\">\n<div class=\"wp-block-uagb-image alignleft uagb-block-4ff9da3f wp-block-uagb-image--layout-default wp-block-uagb-image--effect-static wp-block-uagb-image--align-left\"><figure class=\"wp-block-uagb-image__figure\"><img loading=\"lazy\" decoding=\"async\" srcset=\"https:\/\/japan-tengsu.co\/wp-content\/uploads\/2024\/05\/pexels-photo-4021820-2.jpeg ,https:\/\/japan-tengsu.co\/wp-content\/uploads\/2024\/05\/pexels-photo-4021820-2.jpeg 780w, https:\/\/japan-tengsu.co\/wp-content\/uploads\/2024\/05\/pexels-photo-4021820-2.jpeg 360w\" sizes=\"auto, (max-width: 480px) 150px\" src=\"https:\/\/japan-tengsu.co\/wp-content\/uploads\/2024\/05\/pexels-photo-4021820-2.jpeg\" alt=\"\" class=\"uag-image-1303\" width=\"560\" height=\"500\" title=\"\" role=\"img\"\/><\/figure><\/div>\n<\/div>\n\n\n\n<div class=\"wp-block-uagb-container uagb-block-7621abb2\">\n<div class=\"wp-block-uagb-info-box uagb-block-f3d2d6b2 uagb-infobox__content-wrap  uagb-infobox-icon-above-title uagb-infobox-image-valign-top\"><div class=\"uagb-ifb-content\"><div class=\"uagb-ifb-title-wrap\"><span class=\"uagb-ifb-title-prefix\">01<\/span><h3 class=\"uagb-ifb-title\">Am\u00e9lioration<\/h3><\/div><p class=\"uagb-ifb-desc\">Japan Tengsu offre un m\u00e9lange puissant de ginseng et d'herbe de ch\u00e8vre corn\u00e9e pour am\u00e9liorer la libido et les niveaux d'\u00e9nergie.<\/p><\/div><\/div>\n<\/div>\n<\/div>\n\n\n\n<div class=\"wp-block-uagb-container uagb-block-3893b8aa\">\n<div class=\"wp-block-uagb-container uagb-block-b02b419f\">\n<div class=\"wp-block-uagb-image alignright uagb-block-2622f629 wp-block-uagb-image--layout-default wp-block-uagb-image--effect-static wp-block-uagb-image--align-right\"><figure class=\"wp-block-uagb-image__figure\"><img loading=\"lazy\" decoding=\"async\" srcset=\"https:\/\/japan-tengsu.co\/wp-content\/uploads\/2024\/05\/pexels-photo-4021818-2.jpeg ,https:\/\/japan-tengsu.co\/wp-content\/uploads\/2024\/05\/pexels-photo-4021818-2.jpeg 780w, https:\/\/japan-tengsu.co\/wp-content\/uploads\/2024\/05\/pexels-photo-4021818-2.jpeg 360w\" sizes=\"auto, (max-width: 480px) 150px\" src=\"https:\/\/japan-tengsu.co\/wp-content\/uploads\/2024\/05\/pexels-photo-4021818-2.jpeg\" alt=\"\" class=\"uag-image-1304\" width=\"560\" height=\"500\" title=\"\" role=\"img\"\/><\/figure><\/div>\n<\/div>\n\n\n\n<div class=\"wp-block-uagb-container uagb-block-862a6668\">\n<div class=\"wp-block-uagb-info-box uagb-block-411c16f4 uagb-infobox__content-wrap  uagb-infobox-icon-above-title uagb-infobox-image-valign-top\"><div class=\"uagb-ifb-content\"><div class=\"uagb-ifb-title-wrap\"><span class=\"uagb-ifb-title-prefix\">02<\/span><h3 class=\"uagb-ifb-title\">Vitalit\u00e9<\/h3><\/div><p class=\"uagb-ifb-desc\">D\u00e9couvrez le pouvoir du Ginkgo Biloba et de l'herbe de ch\u00e8vre pour am\u00e9liorer la circulation et la sant\u00e9 sexuelle.<\/p><\/div><\/div>\n<\/div>\n<\/div>\n\n\n\n<div class=\"wp-block-uagb-container uagb-block-64c2a67e\">\n<div class=\"wp-block-uagb-container uagb-block-3fbfeeed\">\n<div class=\"wp-block-uagb-image alignleft uagb-block-5517d747 wp-block-uagb-image--layout-default wp-block-uagb-image--effect-static wp-block-uagb-image--align-left\"><figure class=\"wp-block-uagb-image__figure\"><img loading=\"lazy\" decoding=\"async\" srcset=\"https:\/\/japan-tengsu.co\/wp-content\/uploads\/2024\/05\/pexels-photo-7615460-1.jpeg ,https:\/\/japan-tengsu.co\/wp-content\/uploads\/2024\/05\/pexels-photo-7615460-1.jpeg 780w, https:\/\/japan-tengsu.co\/wp-content\/uploads\/2024\/05\/pexels-photo-7615460-1.jpeg 360w\" sizes=\"auto, (max-width: 480px) 150px\" src=\"https:\/\/japan-tengsu.co\/wp-content\/uploads\/2024\/05\/pexels-photo-7615460-1.jpeg\" alt=\"\" class=\"uag-image-1305\" width=\"560\" height=\"500\" title=\"\" role=\"img\"\/><\/figure><\/div>\n<\/div>\n\n\n\n<div class=\"wp-block-uagb-container uagb-block-4906a1e2\">\n<div class=\"wp-block-uagb-info-box uagb-block-b2c48bb3 uagb-infobox__content-wrap  uagb-infobox-icon-above-title uagb-infobox-image-valign-top\"><div class=\"uagb-ifb-content\"><div class=\"uagb-ifb-title-wrap\"><span class=\"uagb-ifb-title-prefix\">03<\/span><h3 class=\"uagb-ifb-title\">Performance<\/h3><\/div><p class=\"uagb-ifb-desc\">D\u00e9couvrez les bienfaits naturels de nos extraits de plantes qui soutiennent la performance sexuelle masculine globale.<\/p><\/div><\/div>\n<\/div>\n<\/div>\n<\/div><\/div>\n\n\n\n<div class=\"wp-block-uagb-container uagb-block-ffa344fe alignfull uagb-is-root-container\"><div class=\"uagb-container-inner-blocks-wrap\"><\/div><\/div>\n\n\n\n<div class=\"wp-block-uagb-container uagb-block-407e9912 alignfull uagb-is-root-container\"><div class=\"uagb-container-inner-blocks-wrap\">\n<div class=\"wp-block-uagb-testimonial uagb-slick-carousel uagb-tm__arrow-outside uagb-block-63d6bdbb uagb-post__carousel_notset uagb-post__carousel_notset-tablet uagb-post__carousel_notset-mobile\"><div class=\"is-carousel uagb-tm__columns-1 uagb-tm__items\"><div class=\"uagb-testimonial__wrap  uagb-tm__imgicon-style-circle uagb-tm__image-position-top uagb-tm__bg-type-none\"><div class=\"uagb-tm__content\"><div class=\"uagb-tm__overlay\"><\/div><div class=\"uagb-tm__image-content\"><div class=\"uagb-tm__image\"><img loading=\"lazy\" decoding=\"async\" class=\"uagb-tm-img-src\" src=\"https:\/\/japan-tengsu.co\/wp-content\/uploads\/2023\/08\/testimonial-skip-02.jpeg\" alt=\"\" width=\"60\" height=\"60\"\/><\/div><\/div><div class=\"uagb-tm__text-wrap\"><div class=\"uagb-tm__desc\">Japan Tengsu a v\u00e9ritablement transform\u00e9 ma vie intime. Je le recommande vivement \u00e0 tous les hommes qui recherchent une solution naturelle.<\/div><div class=\"uagb-tm__meta-inner\"><div class=\"uagb-testimonial-details\"><span class=\"uagb-tm__author-name\">Eva Smith<\/span><span class=\"uagb-tm__company\"><\/span><\/div><\/div><\/div><\/div><\/div><\/div><\/div>\n<\/div><\/div>\n\n\n\n<div class=\"wp-block-uagb-container uagb-block-c6476a98 alignfull uagb-is-root-container\"><div class=\"uagb-container-inner-blocks-wrap\">\n<div class=\"wp-block-uagb-container uagb-block-499f3e2a\">\n<div class=\"wp-block-uagb-advanced-heading uagb-block-6fe09642\"><h2 class=\"uagb-heading-text\">Pourquoi choisir Japan Tengsu ?<\/h2><\/div>\n\n\n\n<div class=\"wp-block-uagb-advanced-heading uagb-block-72279faa\"><p class=\"uagb-heading-text\">Lib\u00e9rez tout votre potentiel gr\u00e2ce \u00e0 nos compl\u00e9ments alimentaires \u00e0 base de plantes de premi\u00e8re qualit\u00e9, con\u00e7us pour le bien-\u00eatre sexuel des hommes.<\/p><\/div>\n<\/div>\n\n\n\n<div class=\"wp-block-uagb-container uagb-block-8c7963ad\">\n<div class=\"wp-block-uagb-container uagb-block-918d0378\">\n<div class=\"wp-block-uagb-image uagb-block-0a080123 wp-block-uagb-image--layout-default wp-block-uagb-image--effect-static wp-block-uagb-image--align-none\"><figure class=\"wp-block-uagb-image__figure\"><img loading=\"lazy\" decoding=\"async\" srcset=\"https:\/\/japan-tengsu.co\/wp-content\/uploads\/2024\/05\/pexels-photo-4021820-2.jpeg ,https:\/\/japan-tengsu.co\/wp-content\/uploads\/2024\/05\/pexels-photo-4021820-2.jpeg 780w, https:\/\/japan-tengsu.co\/wp-content\/uploads\/2024\/05\/pexels-photo-4021820-2.jpeg 360w\" sizes=\"auto, (max-width: 480px) 150px\" src=\"https:\/\/japan-tengsu.co\/wp-content\/uploads\/2024\/05\/pexels-photo-4021820-2.jpeg\" alt=\"\" class=\"uag-image-1303\" width=\"560\" height=\"450\" title=\"\" role=\"img\"\/><\/figure><\/div>\n\n\n\n<div class=\"wp-block-uagb-advanced-heading uagb-block-53687665\"><h3 class=\"uagb-heading-text\">Puissance naturelle<\/h3><p class=\"uagb-desc-text\">Exploitez le pouvoir de la nature avec la formule \u00e0 base de plantes de Japan Tengsu pour une performance masculine optimale.<\/p><\/div>\n<\/div>\n\n\n\n<div class=\"wp-block-uagb-container uagb-block-a2b4d0ac\">\n<div class=\"wp-block-uagb-image alignleft uagb-block-7a16e14f wp-block-uagb-image--layout-default wp-block-uagb-image--effect-static wp-block-uagb-image--align-left\"><figure class=\"wp-block-uagb-image__figure\"><img loading=\"lazy\" decoding=\"async\" srcset=\"https:\/\/japan-tengsu.co\/wp-content\/uploads\/2024\/05\/pexels-photo-4021818-2.jpeg ,https:\/\/japan-tengsu.co\/wp-content\/uploads\/2024\/05\/pexels-photo-4021818-2.jpeg 780w, https:\/\/japan-tengsu.co\/wp-content\/uploads\/2024\/05\/pexels-photo-4021818-2.jpeg 360w\" sizes=\"auto, (max-width: 480px) 150px\" src=\"https:\/\/japan-tengsu.co\/wp-content\/uploads\/2024\/05\/pexels-photo-4021818-2.jpeg\" alt=\"\" class=\"uag-image-1304\" width=\"560\" height=\"450\" title=\"\" role=\"img\"\/><\/figure><\/div>\n\n\n\n<div class=\"wp-block-uagb-advanced-heading uagb-block-c5a580ac\"><h3 class=\"uagb-heading-text\">Une alternative s\u00fbre<\/h3><p class=\"uagb-desc-text\">Choisissez une alternative s\u00fbre et efficace aux solutions synth\u00e9tiques pour am\u00e9liorer la virilit\u00e9 et l'endurance masculines.<\/p><\/div>\n<\/div>\n<\/div>\n<\/div><\/div>\n\n\n\n<div class=\"wp-block-uagb-container uagb-block-c84325e4 alignfull uagb-is-root-container\"><div class=\"uagb-container-inner-blocks-wrap\">\n<div class=\"wp-block-uagb-info-box uagb-block-d8a09d88 uagb-infobox__content-wrap  uagb-infobox-icon-above-title uagb-infobox-image-valign-top\"><div class=\"uagb-ifb-content\"><div class=\"uagb-ifb-title-wrap\"><h2 class=\"uagb-ifb-title\">Rejoignez-nous aujourd'hui<\/h2><\/div><p class=\"uagb-ifb-desc\">Faites l'exp\u00e9rience d'un regain naturel de vitalit\u00e9 masculine avec Japan Tengsu. Commencez d\u00e8s maintenant votre voyage vers des performances accrues.<\/p><div class=\"uagb-ifb-button-wrapper wp-block-button\"><a href=\"\/fr\/contact\/\" class=\"uagb-infobox-cta-link wp-block-button__link\" target=\"_self\" rel=\"noopener noreferrer\" onclick=\"return true;\" alt=\"\"><span class=\"uagb-inline-editing\">D\u00e9couvrez-en plus<\/span><\/a><\/div><\/div><\/div>\n<\/div><\/div>","protected":false},"excerpt":{"rendered":"<p>Enhance Performance Choose Your Pack Why Choose Japan Tengsu? Unleash your full potential with our premium herbal supplements tailored for [&hellip;]<\/p>\n","protected":false},"author":1,"featured_media":0,"parent":0,"menu_order":0,"comment_status":"closed","ping_status":"closed","template":"","meta":{"_uag_custom_page_level_css":"","site-sidebar-layout":"default","site-content-layout":"","ast-site-content-layout":"default","site-content-style":"default","site-sidebar-style":"default","ast-global-header-display":"","ast-banner-title-visibility":"","ast-main-header-display":"","ast-hfb-above-header-display":"","ast-hfb-below-header-display":"","ast-hfb-mobile-header-display":"","site-post-title":"disabled","ast-breadcrumbs-content":"","ast-featured-img":"","footer-sml-layout":"","ast-disable-related-posts":"","theme-transparent-header-meta":"enabled","adv-header-id-meta":"","stick-header-meta":"","header-above-stick-meta":"","header-main-stick-meta":"","header-below-stick-meta":"","astra-migrate-meta-layouts":"set","ast-page-background-enabled":"default","ast-page-background-meta":{"desktop":{"background-color":"var(--ast-global-color-4)","background-image":"","background-repeat":"repeat","background-position":"center center","background-size":"auto","background-attachment":"scroll","background-type":"","background-media":"","overlay-type":"","overlay-color":"","overlay-opacity":"","overlay-gradient":""},"tablet":{"background-color":"","background-image":"","background-repeat":"repeat","background-position":"center center","background-size":"auto","background-attachment":"scroll","background-type":"","background-media":"","overlay-type":"","overlay-color":"","overlay-opacity":"","overlay-gradient":""},"mobile":{"background-color":"","background-image":"","background-repeat":"repeat","background-position":"center center","background-size":"auto","background-attachment":"scroll","background-type":"","background-media":"","overlay-type":"","overlay-color":"","overlay-opacity":"","overlay-gradient":""}},"ast-content-background-meta":{"desktop":{"background-color":"var(--ast-global-color-5)","background-image":"","background-repeat":"repeat","background-position":"center center","background-size":"auto","background-attachment":"scroll","background-type":"","background-media":"","overlay-type":"","overlay-color":"","overlay-opacity":"","overlay-gradient":""},"tablet":{"background-color":"var(--ast-global-color-5)","background-image":"","background-repeat":"repeat","background-position":"center center","background-size":"auto","background-attachment":"scroll","background-type":"","background-media":"","overlay-type":"","overlay-color":"","overlay-opacity":"","overlay-gradient":""},"mobile":{"background-color":"var(--ast-global-color-5)","background-image":"","background-repeat":"repeat","background-position":"center center","background-size":"auto","background-attachment":"scroll","background-type":"","background-media":"","overlay-type":"","overlay-color":"","overlay-opacity":"","overlay-gradient":""}},"advanced_seo_description":"","jetpack_seo_html_title":"","jetpack_seo_noindex":false,"jetpack_post_was_ever_published":false,"footnotes":""},"class_list":["post-167","page","type-page","status-publish","hentry"],"uagb_featured_image_src":{"full":false,"thumbnail":false,"medium":false,"medium_large":false,"large":false,"1536x1536":false,"2048x2048":false,"trp-custom-language-flag":false,"mailpoet_newsletter_max":false,"woocommerce_thumbnail":false,"woocommerce_single":false,"woocommerce_gallery_thumbnail":false},"uagb_author_info":{"display_name":"jpanteng","author_link":"https:\/\/japan-tengsu.co\/fr\/author\/jpanteng\/"},"uagb_comment_info":0,"uagb_excerpt":"Enhance Performance Choose Your Pack Why Choose Japan Tengsu? Unleash your full potential with our premium herbal supplements tailored for [&hellip;]","jetpack_sharing_enabled":true,"_links":{"self":[{"href":"https:\/\/japan-tengsu.co\/fr\/wp-json\/wp\/v2\/pages\/167","targetHints":{"allow":["GET"]}}],"collection":[{"href":"https:\/\/japan-tengsu.co\/fr\/wp-json\/wp\/v2\/pages"}],"about":[{"href":"https:\/\/japan-tengsu.co\/fr\/wp-json\/wp\/v2\/types\/page"}],"author":[{"embeddable":true,"href":"https:\/\/japan-tengsu.co\/fr\/wp-json\/wp\/v2\/users\/1"}],"replies":[{"embeddable":true,"href":"https:\/\/japan-tengsu.co\/fr\/wp-json\/wp\/v2\/comments?post=167"}],"version-history":[{"count":6,"href":"https:\/\/japan-tengsu.co\/fr\/wp-json\/wp\/v2\/pages\/167\/revisions"}],"predecessor-version":[{"id":1384,"href":"https:\/\/japan-tengsu.co\/fr\/wp-json\/wp\/v2\/pages\/167\/revisions\/1384"}],"wp:attachment":[{"href":"https:\/\/japan-tengsu.co\/fr\/wp-json\/wp\/v2\/media?parent=167"}],"curies":[{"name":"wp","href":"https:\/\/api.w.org\/{rel}","templated":true}]}}