{"id":1313,"date":"2024-05-20T13:23:40","date_gmt":"2024-05-20T13:23:40","guid":{"rendered":"https:\/\/japan-tengsu.co\/home-2\/"},"modified":"2024-12-19T09:48:08","modified_gmt":"2024-12-19T09:48:08","slug":"home-2","status":"publish","type":"page","link":"https:\/\/japan-tengsu.co\/fr\/","title":{"rendered":"Achetez plus, \u00e9conomisez plus"},"content":{"rendered":"<div class=\"wp-block-uagb-container uagb-block-edf9ad47 alignfull uagb-is-root-container\"><div class=\"uagb-container-inner-blocks-wrap\">\n<div class=\"wp-block-uagb-info-box uagb-block-360d083e uagb-infobox__content-wrap  uagb-infobox-icon-above-title uagb-infobox-image-valign-top\"><div class=\"uagb-ifb-content\"><div class=\"uagb-ifb-title-wrap\"><h1 class=\"uagb-ifb-title\">D\u00e9couvrez la puissance du Japan Tengsu<\/h1><\/div><p class=\"uagb-ifb-desc\">Lib\u00e9rez votre virilit\u00e9 et votre vitalit\u00e9 naturelles gr\u00e2ce \u00e0 notre compl\u00e9ment \u00e0 base de plantes pour des performances masculines am\u00e9lior\u00e9es.<\/p><div class=\"uagb-ifb-button-wrapper wp-block-button\"><a href=\"\/fr\/page-de-la-boutique\/\" class=\"uagb-infobox-cta-link wp-block-button__link\" target=\"_self\" rel=\"noopener noreferrer\" onclick=\"return true;\"><span class=\"uagb-inline-editing\">D\u00e9couvrez-en plus<\/span><\/a><\/div><\/div><\/div>\n<\/div><\/div>\n\n\n\n<div class=\"wp-block-uagb-container uagb-layout-flex uagb-block-9d721c82 default uagb-is-root-container\">\n<div class=\"wp-block-uagb-container uagb-block-b48cb393\">\n<div class=\"wp-block-uagb-container uagb-block-f926aef1\"><\/div>\n\n\n<h2 class=\"has-text-align-center wp-block-post-title\">Achetez plus, \u00e9conomisez plus<\/h2><\/div>\n<\/div>\n\n\n\n<div class=\"wp-block-uagb-container uagb-block-fecc3c3e alignfull uagb-is-root-container\"><div class=\"uagb-container-inner-blocks-wrap\">\n<div class=\"wp-block-uagb-container uagb-block-1e90572e\">\n<div class=\"wp-block-uagb-image uagb-block-ed1e9ff7 wp-block-uagb-image--layout-default wp-block-uagb-image--effect-static wp-block-uagb-image--align-none\"><figure class=\"wp-block-uagb-image__figure\"><img loading=\"lazy\" decoding=\"async\" srcset=\"https:\/\/japan-tengsu.co\/wp-content\/uploads\/2024\/05\/japan-tengsu.png ,https:\/\/japan-tengsu.co\/wp-content\/uploads\/2024\/05\/japan-tengsu.png 780w, https:\/\/japan-tengsu.co\/wp-content\/uploads\/2024\/05\/japan-tengsu.png 360w\" sizes=\"auto, (max-width: 480px) 150px\" src=\"https:\/\/japan-tengsu.co\/wp-content\/uploads\/2024\/05\/japan-tengsu.png\" alt=\"acheter japon tengsu\" class=\"uag-image-1363\" width=\"717\" height=\"654\" title=\"acheter japon tengsu\" role=\"img\"\/><\/figure><\/div>\n\n\n\n<div class=\"wp-block-uagb-info-box uagb-block-32066292 uagb-infobox__content-wrap  uagb-infobox-icon-above-title uagb-infobox-image-valign-top\"><div class=\"uagb-ifb-content\"><div class=\"uagb-ifb-title-wrap\"><h3 class=\"uagb-ifb-title\"><br>1 Bo\u00eete Japon Tengsu<\/h3><\/div><p class=\"uagb-ifb-desc\"><strong>27.99<\/strong>$<\/p><\/div><\/div>\n\n\n\n<div class=\"wp-block-uagb-buttons uagb-buttons__outer-wrap uagb-btn__default-btn uagb-btn-tablet__default-btn uagb-btn-mobile__default-btn uagb-block-dc17b46d\"><div class=\"uagb-buttons__wrap uagb-buttons-layout-wrap\">\n<div class=\"wp-block-uagb-buttons-child uagb-buttons__outer-wrap uagb-block-c5afedd2 wp-block-button\"><div class=\"uagb-button__wrapper\"><a class=\"uagb-buttons-repeater wp-block-button__link\" aria-label=\"\" href=\"https:\/\/japan-tengsu.co\/fr\/1box\/\" rel=\"nofollow noopener\" target=\"_self\" role=\"button\"><div class=\"uagb-button__link\">Acheter maintenant<\/div><\/a><\/div><\/div>\n<\/div><\/div>\n<\/div>\n\n\n\n<div class=\"wp-block-uagb-container uagb-block-23061c65\">\n<div class=\"wp-block-uagb-image uagb-block-d5921d2a wp-block-uagb-image--layout-default wp-block-uagb-image--effect-static wp-block-uagb-image--align-none\"><figure class=\"wp-block-uagb-image__figure\"><img loading=\"lazy\" decoding=\"async\" srcset=\"https:\/\/japan-tengsu.co\/wp-content\/uploads\/2024\/05\/japan-tengsu.png ,https:\/\/japan-tengsu.co\/wp-content\/uploads\/2024\/05\/japan-tengsu.png 780w, https:\/\/japan-tengsu.co\/wp-content\/uploads\/2024\/05\/japan-tengsu.png 360w\" sizes=\"auto, (max-width: 480px) 150px\" src=\"https:\/\/japan-tengsu.co\/wp-content\/uploads\/2024\/05\/japan-tengsu.png\" alt=\"acheter japon tengsu\" class=\"uag-image-1363\" width=\"717\" height=\"654\" title=\"acheter japon tengsu\" role=\"img\"\/><\/figure><\/div>\n\n\n\n<div class=\"wp-block-uagb-info-box uagb-block-79413fe3 uagb-infobox__content-wrap  uagb-infobox-icon-above-title uagb-infobox-image-valign-top\"><div class=\"uagb-ifb-content\"><div class=\"uagb-ifb-title-wrap\"><h3 class=\"uagb-ifb-title\"><br>10 Bo\u00eete Japon Tengsu<\/h3><\/div><p class=\"uagb-ifb-desc\"><strong>120<\/strong>$<\/p><\/div><\/div>\n\n\n\n<div class=\"wp-block-uagb-buttons uagb-buttons__outer-wrap uagb-btn__default-btn uagb-btn-tablet__default-btn uagb-btn-mobile__default-btn uagb-block-39114ede\"><div class=\"uagb-buttons__wrap uagb-buttons-layout-wrap\">\n<div class=\"wp-block-uagb-buttons-child uagb-buttons__outer-wrap uagb-block-fca011a6 wp-block-button\"><div class=\"uagb-button__wrapper\"><a class=\"uagb-buttons-repeater wp-block-button__link\" aria-label=\"\" href=\"https:\/\/japan-tengsu.co\/fr\/10box\/\" rel=\"nofollow noopener\" target=\"_self\" role=\"button\"><div class=\"uagb-button__link\">Acheter maintenant<\/div><\/a><\/div><\/div>\n<\/div><\/div>\n<\/div>\n\n\n\n<div class=\"wp-block-uagb-container uagb-block-1e754422\">\n<div class=\"wp-block-uagb-image uagb-block-b2f27c14 wp-block-uagb-image--layout-default wp-block-uagb-image--effect-static wp-block-uagb-image--align-none\"><figure class=\"wp-block-uagb-image__figure\"><img loading=\"lazy\" decoding=\"async\" srcset=\"https:\/\/japan-tengsu.co\/wp-content\/uploads\/2024\/05\/japan-tengsu.png ,https:\/\/japan-tengsu.co\/wp-content\/uploads\/2024\/05\/japan-tengsu.png 780w, https:\/\/japan-tengsu.co\/wp-content\/uploads\/2024\/05\/japan-tengsu.png 360w\" sizes=\"auto, (max-width: 480px) 150px\" src=\"https:\/\/japan-tengsu.co\/wp-content\/uploads\/2024\/05\/japan-tengsu.png\" alt=\"acheter japon tengsu\" class=\"uag-image-1363\" width=\"717\" height=\"654\" title=\"acheter japon tengsu\" role=\"img\"\/><\/figure><\/div>\n\n\n\n<div class=\"wp-block-uagb-info-box uagb-block-4a90414f uagb-infobox__content-wrap  uagb-infobox-icon-above-title uagb-infobox-image-valign-top\"><div class=\"uagb-ifb-content\"><div class=\"uagb-ifb-title-wrap\"><h3 class=\"uagb-ifb-title\"><br>3 Bo\u00eete Japon Tengsu<\/h3><\/div><p class=\"uagb-ifb-desc\"><strong>46.99<\/strong>$<\/p><\/div><\/div>\n\n\n\n<div class=\"wp-block-uagb-buttons uagb-buttons__outer-wrap uagb-btn__default-btn uagb-btn-tablet__default-btn uagb-btn-mobile__default-btn uagb-block-ec9d778d\"><div class=\"uagb-buttons__wrap uagb-buttons-layout-wrap\">\n<div class=\"wp-block-uagb-buttons-child uagb-buttons__outer-wrap uagb-block-173bf232 wp-block-button\"><div class=\"uagb-button__wrapper\"><a class=\"uagb-buttons-repeater wp-block-button__link\" aria-label=\"\" href=\"https:\/\/japan-tengsu.co\/fr\/3box\/\" rel=\"nofollow noopener\" target=\"_self\" role=\"button\"><div class=\"uagb-button__link\">Acheter maintenant<\/div><\/a><\/div><\/div>\n<\/div><\/div>\n<\/div>\n\n\n\n<div class=\"wp-block-uagb-container uagb-block-6435a0d3\">\n<div class=\"wp-block-uagb-image uagb-block-f1f645ed wp-block-uagb-image--layout-default wp-block-uagb-image--effect-static wp-block-uagb-image--align-none\"><figure class=\"wp-block-uagb-image__figure\"><img loading=\"lazy\" decoding=\"async\" srcset=\"https:\/\/japan-tengsu.co\/wp-content\/uploads\/2024\/05\/japan-tengsu.png ,https:\/\/japan-tengsu.co\/wp-content\/uploads\/2024\/05\/japan-tengsu.png 780w, https:\/\/japan-tengsu.co\/wp-content\/uploads\/2024\/05\/japan-tengsu.png 360w\" sizes=\"auto, (max-width: 480px) 150px\" src=\"https:\/\/japan-tengsu.co\/wp-content\/uploads\/2024\/05\/japan-tengsu.png\" alt=\"acheter japon tengsu\" class=\"uag-image-1363\" width=\"717\" height=\"654\" title=\"acheter japon tengsu\" role=\"img\"\/><\/figure><\/div>\n\n\n\n<div class=\"wp-block-uagb-info-box uagb-block-b2dce50a uagb-infobox__content-wrap  uagb-infobox-icon-above-title uagb-infobox-image-valign-top\"><div class=\"uagb-ifb-content\"><div class=\"uagb-ifb-title-wrap\"><h3 class=\"uagb-ifb-title\"><br>5 Bo\u00eete Japon Tengsu<\/h3><\/div><p class=\"uagb-ifb-desc\"><strong>66.99<\/strong>$<\/p><\/div><\/div>\n\n\n\n<div class=\"wp-block-uagb-buttons uagb-buttons__outer-wrap uagb-btn__default-btn uagb-btn-tablet__default-btn uagb-btn-mobile__default-btn uagb-block-df1f5368\"><div class=\"uagb-buttons__wrap uagb-buttons-layout-wrap\">\n<div class=\"wp-block-uagb-buttons-child uagb-buttons__outer-wrap uagb-block-5b5e24ee wp-block-button\"><div class=\"uagb-button__wrapper\"><a class=\"uagb-buttons-repeater wp-block-button__link\" aria-label=\"\" href=\"https:\/\/japan-tengsu.co\/fr\/5box\/\" rel=\"nofollow noopener\" target=\"_self\" role=\"button\"><div class=\"uagb-button__link\">Acheter maintenant<\/div><\/a><\/div><\/div>\n<\/div><\/div>\n<\/div>\n<\/div><\/div>\n\n\n\n<div class=\"wp-block-uagb-container uagb-block-cd2fc679 alignfull uagb-is-root-container\"><div class=\"uagb-container-inner-blocks-wrap\">\n<div class=\"wp-block-uagb-info-box uagb-block-3b175fd5 uagb-infobox__content-wrap  uagb-infobox-icon-above-title uagb-infobox-image-valign-top\"><div class=\"uagb-ifb-content\"><div class=\"uagb-ifb-title-wrap\"><h2 class=\"uagb-ifb-title\">Pourquoi le Japan Tengsu<\/h2><\/div><p class=\"uagb-ifb-desc\">D\u00e9couvrez nos compl\u00e9ments \u00e0 base de plantes pour am\u00e9liorer le bien-\u00eatre sexuel masculin.<\/p><\/div><\/div>\n\n\n\n<div class=\"wp-block-uagb-container uagb-block-93377a07\">\n<div class=\"wp-block-uagb-container uagb-block-fae5d157\">\n<div class=\"wp-block-uagb-image alignleft uagb-block-df4cd6be wp-block-uagb-image--layout-default wp-block-uagb-image--effect-static wp-block-uagb-image--align-left\"><figure class=\"wp-block-uagb-image__figure\"><img loading=\"lazy\" decoding=\"async\" srcset=\"https:\/\/japan-tengsu.co\/wp-content\/uploads\/2024\/05\/pexels-photo-7615460-1.jpeg ,https:\/\/japan-tengsu.co\/wp-content\/uploads\/2024\/05\/pexels-photo-7615460-1.jpeg 780w, https:\/\/japan-tengsu.co\/wp-content\/uploads\/2024\/05\/pexels-photo-7615460-1.jpeg 360w\" sizes=\"auto, (max-width: 480px) 150px\" src=\"https:\/\/japan-tengsu.co\/wp-content\/uploads\/2024\/05\/pexels-photo-7615460-1.jpeg\" alt=\"tengsu japonais \u00e0 vendre\" class=\"uag-image-1305\" width=\"373\" height=\"480\" title=\"tengsu japonais \u00e0 vendre\" role=\"img\"\/><\/figure><\/div>\n\n\n\n<div class=\"wp-block-uagb-advanced-heading uagb-block-82da6484\"><h3 class=\"uagb-heading-text\">Am\u00e9lioration<\/h3><p class=\"uagb-desc-text\">Japan Tengsu est formul\u00e9 \u00e0 partir d'herbes puissantes pour am\u00e9liorer les performances sexuelles et la vitalit\u00e9 de mani\u00e8re naturelle.<\/p><\/div>\n<\/div>\n\n\n\n<div class=\"wp-block-uagb-container uagb-block-b4a21a88\">\n<div class=\"wp-block-uagb-image alignleft uagb-block-2400b6c1 wp-block-uagb-image--layout-default wp-block-uagb-image--effect-static wp-block-uagb-image--align-left\"><figure class=\"wp-block-uagb-image__figure\"><img loading=\"lazy\" decoding=\"async\" srcset=\"https:\/\/japan-tengsu.co\/wp-content\/uploads\/2024\/05\/pexels-photo-7526019-1.jpeg ,https:\/\/japan-tengsu.co\/wp-content\/uploads\/2024\/05\/pexels-photo-7526019-1.jpeg 780w, https:\/\/japan-tengsu.co\/wp-content\/uploads\/2024\/05\/pexels-photo-7526019-1.jpeg 360w\" sizes=\"auto, (max-width: 480px) 150px\" src=\"https:\/\/japan-tengsu.co\/wp-content\/uploads\/2024\/05\/pexels-photo-7526019-1.jpeg\" alt=\"tengsu japonais \u00e0 vendre\" class=\"uag-image-1306\" width=\"373\" height=\"480\" title=\"tengsu japonais \u00e0 vendre\" role=\"img\"\/><\/figure><\/div>\n\n\n\n<div class=\"wp-block-uagb-advanced-heading uagb-block-ddf76d8a\"><h3 class=\"uagb-heading-text\">Vitalit\u00e9<\/h3><p class=\"uagb-desc-text\">Revitalisez vos moments intimes gr\u00e2ce aux ingr\u00e9dients naturels de Japan Tengsu qui renforcent l'endurance et le dynamisme.<\/p><\/div>\n<\/div>\n\n\n\n<div class=\"wp-block-uagb-container uagb-block-4be5b602\">\n<div class=\"wp-block-uagb-image alignleft uagb-block-b48fe4eb wp-block-uagb-image--layout-default wp-block-uagb-image--effect-static wp-block-uagb-image--align-left\"><figure class=\"wp-block-uagb-image__figure\"><img loading=\"lazy\" decoding=\"async\" srcset=\"https:\/\/japan-tengsu.co\/wp-content\/uploads\/2024\/05\/pexels-photo-4021820-2.jpeg ,https:\/\/japan-tengsu.co\/wp-content\/uploads\/2024\/05\/pexels-photo-4021820-2.jpeg 780w, https:\/\/japan-tengsu.co\/wp-content\/uploads\/2024\/05\/pexels-photo-4021820-2.jpeg 360w\" sizes=\"auto, (max-width: 480px) 150px\" src=\"https:\/\/japan-tengsu.co\/wp-content\/uploads\/2024\/05\/pexels-photo-4021820-2.jpeg\" alt=\"tengsu japonais \u00e0 vendre\" class=\"uag-image-1303\" width=\"373\" height=\"480\" title=\"tengsu japonais \u00e0 vendre\" role=\"img\"\/><\/figure><\/div>\n\n\n\n<div class=\"wp-block-uagb-advanced-heading uagb-block-2d89467b\"><h3 class=\"uagb-heading-text\">Performance<\/h3><p class=\"uagb-desc-text\">Maximisez vos performances sexuelles avec le m\u00e9lange d'herbes aphrodisiaques de Japan Tengsu pour un plaisir accru.<\/p><\/div>\n<\/div>\n<\/div>\n<\/div><\/div>\n\n\n\n<div class=\"wp-block-uagb-container uagb-block-0cf1e869 alignfull uagb-is-root-container\"><div class=\"uagb-container-inner-blocks-wrap\">\n<div class=\"wp-block-uagb-container uagb-block-8e894bf5\">\n<div class=\"wp-block-uagb-image alignleft uagb-block-88e52dea wp-block-uagb-image--layout-default wp-block-uagb-image--effect-static wp-block-uagb-image--align-left\"><figure class=\"wp-block-uagb-image__figure\"><img loading=\"lazy\" decoding=\"async\" srcset=\"https:\/\/japan-tengsu.co\/wp-content\/uploads\/2024\/05\/pexels-photo-4021818-2.jpeg ,https:\/\/japan-tengsu.co\/wp-content\/uploads\/2024\/05\/pexels-photo-4021818-2.jpeg 780w, https:\/\/japan-tengsu.co\/wp-content\/uploads\/2024\/05\/pexels-photo-4021818-2.jpeg 360w\" sizes=\"auto, (max-width: 480px) 150px\" src=\"https:\/\/japan-tengsu.co\/wp-content\/uploads\/2024\/05\/pexels-photo-4021818-2.jpeg\" alt=\"japon tengsu ebay\" class=\"uag-image-1304\" width=\"550\" height=\"536\" title=\"japon tengsu ebay\" role=\"img\"\/><\/figure><\/div>\n<\/div>\n\n\n\n<div class=\"wp-block-uagb-container uagb-block-db5a712e\">\n<div class=\"wp-block-uagb-info-box uagb-block-69f2621f uagb-infobox__content-wrap  uagb-infobox-icon-above-title uagb-infobox-image-valign-top\"><div class=\"uagb-ifb-content\"><div class=\"uagb-ifb-title-wrap\"><h2 class=\"uagb-ifb-title\">Notre histoire<\/h2><\/div><p class=\"uagb-ifb-desc\">Avec des ann\u00e9es d'expertise dans le domaine des compl\u00e9ments alimentaires \u00e0 base de plantes, Japan Tengsu est leader sur le march\u00e9 de la promotion de la sant\u00e9 sexuelle masculine gr\u00e2ce \u00e0 des solutions naturelles.<\/p><div class=\"uagb-ifb-button-wrapper wp-block-button\"><a href=\"\/fr\/about\/\" class=\"uagb-infobox-cta-link wp-block-button__link\" target=\"_self\" rel=\"noopener noreferrer\" onclick=\"return true;\"><span class=\"uagb-inline-editing\">En savoir plus<\/span><\/a><\/div><\/div><\/div>\n<\/div>\n<\/div><\/div>\n\n\n\n<div class=\"wp-block-uagb-container uagb-block-b9774670 alignfull uagb-is-root-container\"><div class=\"uagb-container-inner-blocks-wrap\">\n<div class=\"wp-block-uagb-testimonial uagb-slick-carousel uagb-tm__arrow-outside uagb-block-9c5eb390 uagb-post__carousel_notset uagb-post__carousel_notset-tablet uagb-post__carousel_notset-mobile\"><div class=\"is-carousel uagb-tm__columns-1 uagb-tm__items\"><div class=\"uagb-testimonial__wrap  uagb-tm__imgicon-style-circle uagb-tm__image-position-top uagb-tm__bg-type-none\"><div class=\"uagb-tm__content\"><div class=\"uagb-tm__overlay\"><\/div><div class=\"uagb-tm__image-content\"><div class=\"uagb-tm__image\"><img loading=\"lazy\" decoding=\"async\" class=\"uagb-tm-img-src\" src=\"https:\/\/japan-tengsu.co\/wp-content\/uploads\/2023\/08\/testimonial-skip-01.jpeg\" alt=\"\" width=\"64\" height=\"64\"\/><\/div><\/div><div class=\"uagb-tm__text-wrap\"><div class=\"uagb-tm__desc\">Japan Tengsu a consid\u00e9rablement am\u00e9lior\u00e9 mes performances. Je le recommande vivement.<\/div><div class=\"uagb-tm__meta-inner\"><div class=\"uagb-testimonial-details\"><span class=\"uagb-tm__author-name\">Jean Dupont<\/span><span class=\"uagb-tm__company\"><\/span><\/div><\/div><\/div><\/div><\/div><\/div><\/div>\n<\/div><\/div>\n\n\n\n<div class=\"wp-block-uagb-container uagb-block-ec01bfa7 alignfull uagb-is-root-container\"><div class=\"uagb-container-inner-blocks-wrap\">\n<div class=\"wp-block-uagb-info-box uagb-block-13d69fb3 uagb-infobox__content-wrap  uagb-infobox-icon-above-title uagb-infobox-image-valign-top\"><div class=\"uagb-ifb-content\"><div class=\"uagb-ifb-title-wrap\"><h2 class=\"uagb-ifb-title\">Pourquoi choisir Japan Tengsu ?<\/h2><\/div><p class=\"uagb-ifb-desc\">Lib\u00e9rez tout votre potentiel gr\u00e2ce \u00e0 nos compl\u00e9ments alimentaires \u00e0 base de plantes de premi\u00e8re qualit\u00e9, con\u00e7us pour le bien-\u00eatre sexuel des hommes.<\/p><\/div><\/div>\n\n\n\n<div class=\"wp-block-uagb-container uagb-block-5bf3f238\">\n<div class=\"wp-block-uagb-container uagb-block-8b947d96\">\n<div class=\"wp-block-uagb-image uagb-block-f831083c wp-block-uagb-image--layout-default wp-block-uagb-image--effect-static wp-block-uagb-image--align-none\"><figure class=\"wp-block-uagb-image__figure\"><img loading=\"lazy\" decoding=\"async\" srcset=\"https:\/\/japan-tengsu.co\/wp-content\/uploads\/2024\/05\/pexels-photo-4021820-2.jpeg ,https:\/\/japan-tengsu.co\/wp-content\/uploads\/2024\/05\/pexels-photo-4021820-2.jpeg 780w, https:\/\/japan-tengsu.co\/wp-content\/uploads\/2024\/05\/pexels-photo-4021820-2.jpeg 360w\" sizes=\"auto, (max-width: 480px) 150px\" src=\"https:\/\/japan-tengsu.co\/wp-content\/uploads\/2024\/05\/pexels-photo-4021820-2.jpeg\" alt=\"japon tengsu original\" class=\"uag-image-1303\" width=\"550\" height=\"500\" title=\"japon tengsu original\" role=\"img\"\/><\/figure><\/div>\n<\/div>\n\n\n\n<div class=\"wp-block-uagb-container uagb-block-c465247c\">\n<div class=\"wp-block-uagb-info-box uagb-block-73b22374 uagb-infobox__content-wrap  uagb-infobox-icon-above-title uagb-infobox-image-valign-top\"><div class=\"uagb-ifb-content\"><div class=\"uagb-ifb-title-wrap\"><h3 class=\"uagb-ifb-title\">Puissance naturelle<\/h3><\/div><p class=\"uagb-ifb-desc\">Exploitez le pouvoir de la nature avec la formule \u00e0 base de plantes de Japan Tengsu pour une performance masculine optimale.<\/p><div class=\"uagb-ifb-button-wrapper wp-block-button\"><a href=\"\/fr\/page-de-la-boutique\/\" class=\"uagb-infobox-cta-link wp-block-button__link\" target=\"_self\" rel=\"noopener noreferrer\" onclick=\"return true;\"><span class=\"uagb-inline-editing\">En savoir plus<\/span><\/a><\/div><\/div><\/div>\n<\/div>\n<\/div>\n\n\n\n<div class=\"wp-block-uagb-container uagb-block-4dac132f\">\n<div class=\"wp-block-uagb-container uagb-block-44450004\">\n<div class=\"wp-block-uagb-image uagb-block-1fbbd46b wp-block-uagb-image--layout-default wp-block-uagb-image--effect-static wp-block-uagb-image--align-none\"><figure class=\"wp-block-uagb-image__figure\"><img loading=\"lazy\" decoding=\"async\" srcset=\"https:\/\/japan-tengsu.co\/wp-content\/uploads\/2024\/05\/pexels-photo-4021818-2.jpeg ,https:\/\/japan-tengsu.co\/wp-content\/uploads\/2024\/05\/pexels-photo-4021818-2.jpeg 780w, https:\/\/japan-tengsu.co\/wp-content\/uploads\/2024\/05\/pexels-photo-4021818-2.jpeg 360w\" sizes=\"auto, (max-width: 480px) 150px\" src=\"https:\/\/japan-tengsu.co\/wp-content\/uploads\/2024\/05\/pexels-photo-4021818-2.jpeg\" alt=\"japon tengsu original\" class=\"uag-image-1304\" width=\"550\" height=\"500\" title=\"japon tengsu original\" role=\"img\"\/><\/figure><\/div>\n<\/div>\n\n\n\n<div class=\"wp-block-uagb-container uagb-block-8b26c666\">\n<div class=\"wp-block-uagb-info-box uagb-block-af69361d uagb-infobox__content-wrap  uagb-infobox-icon-above-title uagb-infobox-image-valign-top\"><div class=\"uagb-ifb-content\"><div class=\"uagb-ifb-title-wrap\"><h3 class=\"uagb-ifb-title\">Une alternative s\u00fbre<\/h3><\/div><p class=\"uagb-ifb-desc\">Choisissez une alternative s\u00fbre et efficace aux solutions synth\u00e9tiques pour am\u00e9liorer la virilit\u00e9 et l'endurance masculines.<\/p><div class=\"uagb-ifb-button-wrapper wp-block-button\"><a href=\"\/fr\/page-de-la-boutique\/\" class=\"uagb-infobox-cta-link wp-block-button__link\" target=\"_self\" rel=\"noopener noreferrer\" onclick=\"return true;\"><span class=\"uagb-inline-editing\">En savoir plus<\/span><\/a><\/div><\/div><\/div>\n<\/div>\n<\/div>\n<\/div><\/div>\n\n\n\n<div class=\"wp-block-uagb-container uagb-block-c84325e4 alignfull uagb-is-root-container\"><div class=\"uagb-container-inner-blocks-wrap\">\n<div class=\"wp-block-uagb-info-box uagb-block-d8a09d88 uagb-infobox__content-wrap  uagb-infobox-icon-above-title uagb-infobox-image-valign-top\"><div class=\"uagb-ifb-content\"><div class=\"uagb-ifb-title-wrap\"><h2 class=\"uagb-ifb-title\">Rejoignez-nous aujourd'hui<\/h2><\/div><p class=\"uagb-ifb-desc\">Faites l'exp\u00e9rience d'un regain naturel de vitalit\u00e9 masculine avec Japan Tengsu. Commencez d\u00e8s maintenant votre voyage vers des performances accrues.<\/p><div class=\"uagb-ifb-button-wrapper wp-block-button\"><a href=\"\/fr\/contact\/\" class=\"uagb-infobox-cta-link wp-block-button__link\" target=\"_self\" rel=\"noopener noreferrer\" onclick=\"return true;\" alt=\"\"><span class=\"uagb-inline-editing\">D\u00e9couvrez-en plus<\/span><\/a><\/div><\/div><\/div>\n<\/div><\/div>","protected":false},"excerpt":{"rendered":"<p>Enhancement Japan Tengsu is formulated with potent herbs to elevate sexual prowess and vitality naturally. Vitality Revitalize your intimate moments [&hellip;]<\/p>\n","protected":false},"author":1,"featured_media":0,"parent":0,"menu_order":0,"comment_status":"closed","ping_status":"closed","template":"","meta":{"_uag_custom_page_level_css":"","site-sidebar-layout":"default","site-content-layout":"","ast-site-content-layout":"full-width-container","site-content-style":"default","site-sidebar-style":"default","ast-global-header-display":"","ast-banner-title-visibility":"","ast-main-header-display":"","ast-hfb-above-header-display":"","ast-hfb-below-header-display":"","ast-hfb-mobile-header-display":"","site-post-title":"disabled","ast-breadcrumbs-content":"","ast-featured-img":"","footer-sml-layout":"","ast-disable-related-posts":"","theme-transparent-header-meta":"enabled","adv-header-id-meta":"","stick-header-meta":"","header-above-stick-meta":"","header-main-stick-meta":"","header-below-stick-meta":"","astra-migrate-meta-layouts":"set","ast-page-background-enabled":"default","ast-page-background-meta":{"desktop":{"background-color":"var(--ast-global-color-4)","background-image":"","background-repeat":"repeat","background-position":"center center","background-size":"auto","background-attachment":"scroll","background-type":"","background-media":"","overlay-type":"","overlay-color":"","overlay-opacity":"","overlay-gradient":""},"tablet":{"background-color":"","background-image":"","background-repeat":"repeat","background-position":"center center","background-size":"auto","background-attachment":"scroll","background-type":"","background-media":"","overlay-type":"","overlay-color":"","overlay-opacity":"","overlay-gradient":""},"mobile":{"background-color":"","background-image":"","background-repeat":"repeat","background-position":"center center","background-size":"auto","background-attachment":"scroll","background-type":"","background-media":"","overlay-type":"","overlay-color":"","overlay-opacity":"","overlay-gradient":""}},"ast-content-background-meta":{"desktop":{"background-color":"var(--ast-global-color-5)","background-image":"","background-repeat":"repeat","background-position":"center center","background-size":"auto","background-attachment":"scroll","background-type":"","background-media":"","overlay-type":"","overlay-color":"","overlay-opacity":"","overlay-gradient":""},"tablet":{"background-color":"var(--ast-global-color-5)","background-image":"","background-repeat":"repeat","background-position":"center center","background-size":"auto","background-attachment":"scroll","background-type":"","background-media":"","overlay-type":"","overlay-color":"","overlay-opacity":"","overlay-gradient":""},"mobile":{"background-color":"var(--ast-global-color-5)","background-image":"","background-repeat":"repeat","background-position":"center center","background-size":"auto","background-attachment":"scroll","background-type":"","background-media":"","overlay-type":"","overlay-color":"","overlay-opacity":"","overlay-gradient":""}},"advanced_seo_description":"","jetpack_seo_html_title":"","jetpack_seo_noindex":false,"jetpack_post_was_ever_published":false,"footnotes":""},"class_list":["post-1313","page","type-page","status-publish","hentry"],"uagb_featured_image_src":{"full":false,"thumbnail":false,"medium":false,"medium_large":false,"large":false,"1536x1536":false,"2048x2048":false,"trp-custom-language-flag":false,"mailpoet_newsletter_max":false,"woocommerce_thumbnail":false,"woocommerce_single":false,"woocommerce_gallery_thumbnail":false},"uagb_author_info":{"display_name":"jpanteng","author_link":"https:\/\/japan-tengsu.co\/fr\/author\/jpanteng\/"},"uagb_comment_info":0,"uagb_excerpt":"Enhancement Japan Tengsu is formulated with potent herbs to elevate sexual prowess and vitality naturally. Vitality Revitalize your intimate moments [&hellip;]","jetpack_sharing_enabled":true,"_links":{"self":[{"href":"https:\/\/japan-tengsu.co\/fr\/wp-json\/wp\/v2\/pages\/1313","targetHints":{"allow":["GET"]}}],"collection":[{"href":"https:\/\/japan-tengsu.co\/fr\/wp-json\/wp\/v2\/pages"}],"about":[{"href":"https:\/\/japan-tengsu.co\/fr\/wp-json\/wp\/v2\/types\/page"}],"author":[{"embeddable":true,"href":"https:\/\/japan-tengsu.co\/fr\/wp-json\/wp\/v2\/users\/1"}],"replies":[{"embeddable":true,"href":"https:\/\/japan-tengsu.co\/fr\/wp-json\/wp\/v2\/comments?post=1313"}],"version-history":[{"count":18,"href":"https:\/\/japan-tengsu.co\/fr\/wp-json\/wp\/v2\/pages\/1313\/revisions"}],"predecessor-version":[{"id":8656,"href":"https:\/\/japan-tengsu.co\/fr\/wp-json\/wp\/v2\/pages\/1313\/revisions\/8656"}],"wp:attachment":[{"href":"https:\/\/japan-tengsu.co\/fr\/wp-json\/wp\/v2\/media?parent=1313"}],"curies":[{"name":"wp","href":"https:\/\/api.w.org\/{rel}","templated":true}]}}