{"id":118,"date":"2024-05-20T13:22:13","date_gmt":"2024-05-20T13:22:13","guid":{"rendered":"https:\/\/japan-tengsu.co\/about\/"},"modified":"2024-05-20T22:08:59","modified_gmt":"2024-05-20T22:08:59","slug":"a-propos-de-nous","status":"publish","type":"page","link":"https:\/\/japan-tengsu.co\/fr\/a-propos-de-nous\/","title":{"rendered":"A propos de"},"content":{"rendered":"<div class=\"wp-block-uagb-container uagb-block-7fa683e6 alignfull uagb-is-root-container\"><div class=\"uagb-container-inner-blocks-wrap\">\n<div class=\"wp-block-uagb-advanced-heading uagb-block-74b342eb\"><h1 class=\"uagb-heading-text\">\u00c0 propos du Japon Tengsu<\/h1><\/div>\n<\/div><\/div>\n\n\n\n<div class=\"wp-block-uagb-container uagb-block-94ded581 alignfull uagb-is-root-container\"><div class=\"uagb-container-inner-blocks-wrap\">\n<div class=\"wp-block-uagb-advanced-heading uagb-block-671f3570\"><h2 class=\"uagb-heading-text\">Notre histoire<\/h2><\/div>\n\n\n\n<div class=\"wp-block-uagb-container uagb-block-21891d52\">\n<div class=\"wp-block-uagb-container uagb-block-8a4a99e4\">\n<div class=\"wp-block-uagb-image alignleft uagb-block-e71a6b83 wp-block-uagb-image--layout-default wp-block-uagb-image--effect-static wp-block-uagb-image--align-left\"><figure class=\"wp-block-uagb-image__figure\"><img loading=\"lazy\" decoding=\"async\" srcset=\"https:\/\/japan-tengsu.co\/wp-content\/uploads\/2024\/05\/pexels-photo-4021818-2.jpeg ,https:\/\/japan-tengsu.co\/wp-content\/uploads\/2024\/05\/pexels-photo-4021818-2.jpeg 780w\" sizes=\"auto, (max-width: 480px) 150px\" src=\"https:\/\/japan-tengsu.co\/wp-content\/uploads\/2024\/05\/pexels-photo-4021818-2.jpeg\" alt=\"\" class=\"uag-image-1304\" width=\"526\" height=\"536\" title=\"\" role=\"img\"\/><\/figure><\/div>\n<\/div>\n\n\n\n<div class=\"wp-block-uagb-container uagb-block-7e959f87\">\n<div class=\"wp-block-uagb-info-box uagb-block-4960c374 uagb-infobox__content-wrap  uagb-infobox-icon-above-title uagb-infobox-image-valign-top\"><div class=\"uagb-ifb-content\"><div class=\"uagb-ifb-title-wrap\"><h3 class=\"uagb-ifb-title\">Japan Tengsu est un nom de confiance dans l'industrie des compl\u00e9ments alimentaires \u00e0 base de plantes, qui se consacre \u00e0 l'am\u00e9lioration des performances sexuelles masculines et \u00e0 la promotion du bien-\u00eatre.<\/h3><\/div><p class=\"uagb-ifb-desc\">Japan Tengsu a \u00e9t\u00e9 fond\u00e9 dans le but d'offrir aux hommes une alternative naturelle pour am\u00e9liorer la vitalit\u00e9 et la confiance sexuelles.<br><br>Japan Tengsu a fi\u00e8rement servi un large \u00e9ventail de clients, leur offrant une solution s\u00fbre et efficace pour am\u00e9liorer leurs exp\u00e9riences sexuelles.<\/p><\/div><\/div>\n<\/div>\n<\/div>\n<\/div><\/div>\n\n\n\n<div class=\"wp-block-uagb-container uagb-block-cc344175 alignfull uagb-is-root-container\"><div class=\"uagb-container-inner-blocks-wrap\">\n<div class=\"wp-block-uagb-advanced-heading uagb-block-7b2294a3\"><h2 class=\"uagb-heading-text\">Nos valeurs fondamentales<\/h2><p class=\"uagb-desc-text\">Des principes directeurs qui d\u00e9finissent notre engagement en faveur de l'excellence et de la satisfaction du client.<\/p><\/div>\n\n\n\n<div class=\"wp-block-uagb-container uagb-block-ecb8dade\">\n<div class=\"wp-block-uagb-advanced-heading uagb-block-bef7d43a\"><h3 class=\"uagb-heading-text\">Qualit\u00e9<\/h3><p class=\"uagb-desc-text\">Nous donnons la priorit\u00e9 \u00e0 l'approvisionnement en ingr\u00e9dients v\u00e9g\u00e9taux les plus fins afin de garantir l'efficacit\u00e9 et la s\u00e9curit\u00e9 de nos produits.<\/p><\/div>\n\n\n\n<div class=\"wp-block-uagb-advanced-heading uagb-block-b863782d\"><h3 class=\"uagb-heading-text\">Int\u00e9grit\u00e9<\/h3><p class=\"uagb-desc-text\">Nous croyons aux pratiques transparentes, \u00e0 la communication honn\u00eate et au respect des promesses faites \u00e0 nos clients.<\/p><\/div>\n\n\n\n<div class=\"wp-block-uagb-advanced-heading uagb-block-9f890ad2\"><h3 class=\"uagb-heading-text\">L'innovation<\/h3><p class=\"uagb-desc-text\">Nous explorons en permanence les avanc\u00e9es dans le domaine des suppl\u00e9ments \u00e0 base de plantes afin d'offrir des solutions de pointe pour le bien-\u00eatre sexuel des hommes.<\/p><\/div>\n<\/div>\n<\/div><\/div>\n\n\n\n<div class=\"wp-block-uagb-container uagb-block-c84325e4 alignfull uagb-is-root-container\"><div class=\"uagb-container-inner-blocks-wrap\">\n<div class=\"wp-block-uagb-info-box uagb-block-d8a09d88 uagb-infobox__content-wrap  uagb-infobox-icon-above-title uagb-infobox-image-valign-top\"><div class=\"uagb-ifb-content\"><div class=\"uagb-ifb-title-wrap\"><h2 class=\"uagb-ifb-title\">Rejoignez-nous aujourd'hui<\/h2><\/div><p class=\"uagb-ifb-desc\">Faites l'exp\u00e9rience d'un regain naturel de vitalit\u00e9 masculine avec Japan Tengsu. Commencez d\u00e8s maintenant votre voyage vers des performances accrues.<\/p><div class=\"uagb-ifb-button-wrapper wp-block-button\"><a href=\"\/fr\/contact\/\" class=\"uagb-infobox-cta-link wp-block-button__link\" target=\"_self\" rel=\"noopener noreferrer\" onclick=\"return true;\" alt=\"\"><span class=\"uagb-inline-editing\">D\u00e9couvrez-en plus<\/span><\/a><\/div><\/div><\/div>\n<\/div><\/div>","protected":false},"excerpt":{"rendered":"<p>About Japan Tengsu Our Story Our Core Values Guiding principles that define our commitment to excellence and customer satisfaction. Quality [&hellip;]<\/p>\n","protected":false},"author":1,"featured_media":0,"parent":0,"menu_order":0,"comment_status":"closed","ping_status":"closed","template":"","meta":{"_uag_custom_page_level_css":"","site-sidebar-layout":"default","site-content-layout":"","ast-site-content-layout":"default","site-content-style":"default","site-sidebar-style":"default","ast-global-header-display":"","ast-banner-title-visibility":"","ast-main-header-display":"","ast-hfb-above-header-display":"","ast-hfb-below-header-display":"","ast-hfb-mobile-header-display":"","site-post-title":"disabled","ast-breadcrumbs-content":"","ast-featured-img":"","footer-sml-layout":"","ast-disable-related-posts":"","theme-transparent-header-meta":"enabled","adv-header-id-meta":"","stick-header-meta":"","header-above-stick-meta":"","header-main-stick-meta":"","header-below-stick-meta":"","astra-migrate-meta-layouts":"set","ast-page-background-enabled":"default","ast-page-background-meta":{"desktop":{"background-color":"var(--ast-global-color-4)","background-image":"","background-repeat":"repeat","background-position":"center center","background-size":"auto","background-attachment":"scroll","background-type":"","background-media":"","overlay-type":"","overlay-color":"","overlay-opacity":"","overlay-gradient":""},"tablet":{"background-color":"","background-image":"","background-repeat":"repeat","background-position":"center center","background-size":"auto","background-attachment":"scroll","background-type":"","background-media":"","overlay-type":"","overlay-color":"","overlay-opacity":"","overlay-gradient":""},"mobile":{"background-color":"","background-image":"","background-repeat":"repeat","background-position":"center center","background-size":"auto","background-attachment":"scroll","background-type":"","background-media":"","overlay-type":"","overlay-color":"","overlay-opacity":"","overlay-gradient":""}},"ast-content-background-meta":{"desktop":{"background-color":"var(--ast-global-color-5)","background-image":"","background-repeat":"repeat","background-position":"center center","background-size":"auto","background-attachment":"scroll","background-type":"","background-media":"","overlay-type":"","overlay-color":"","overlay-opacity":"","overlay-gradient":""},"tablet":{"background-color":"var(--ast-global-color-5)","background-image":"","background-repeat":"repeat","background-position":"center center","background-size":"auto","background-attachment":"scroll","background-type":"","background-media":"","overlay-type":"","overlay-color":"","overlay-opacity":"","overlay-gradient":""},"mobile":{"background-color":"var(--ast-global-color-5)","background-image":"","background-repeat":"repeat","background-position":"center center","background-size":"auto","background-attachment":"scroll","background-type":"","background-media":"","overlay-type":"","overlay-color":"","overlay-opacity":"","overlay-gradient":""}},"advanced_seo_description":"","jetpack_seo_html_title":"","jetpack_seo_noindex":false,"jetpack_post_was_ever_published":false,"footnotes":""},"class_list":["post-118","page","type-page","status-publish","hentry"],"uagb_featured_image_src":{"full":false,"thumbnail":false,"medium":false,"medium_large":false,"large":false,"1536x1536":false,"2048x2048":false,"trp-custom-language-flag":false,"mailpoet_newsletter_max":false,"woocommerce_thumbnail":false,"woocommerce_single":false,"woocommerce_gallery_thumbnail":false},"uagb_author_info":{"display_name":"jpanteng","author_link":"https:\/\/japan-tengsu.co\/fr\/author\/jpanteng\/"},"uagb_comment_info":0,"uagb_excerpt":"About Japan Tengsu Our Story Our Core Values Guiding principles that define our commitment to excellence and customer satisfaction. Quality [&hellip;]","jetpack_sharing_enabled":true,"_links":{"self":[{"href":"https:\/\/japan-tengsu.co\/fr\/wp-json\/wp\/v2\/pages\/118","targetHints":{"allow":["GET"]}}],"collection":[{"href":"https:\/\/japan-tengsu.co\/fr\/wp-json\/wp\/v2\/pages"}],"about":[{"href":"https:\/\/japan-tengsu.co\/fr\/wp-json\/wp\/v2\/types\/page"}],"author":[{"embeddable":true,"href":"https:\/\/japan-tengsu.co\/fr\/wp-json\/wp\/v2\/users\/1"}],"replies":[{"embeddable":true,"href":"https:\/\/japan-tengsu.co\/fr\/wp-json\/wp\/v2\/comments?post=118"}],"version-history":[{"count":3,"href":"https:\/\/japan-tengsu.co\/fr\/wp-json\/wp\/v2\/pages\/118\/revisions"}],"predecessor-version":[{"id":1348,"href":"https:\/\/japan-tengsu.co\/fr\/wp-json\/wp\/v2\/pages\/118\/revisions\/1348"}],"wp:attachment":[{"href":"https:\/\/japan-tengsu.co\/fr\/wp-json\/wp\/v2\/media?parent=118"}],"curies":[{"name":"wp","href":"https:\/\/api.w.org\/{rel}","templated":true}]}}