{"id":973,"date":"2018-10-18T02:18:58","date_gmt":"2018-10-18T02:18:58","guid":{"rendered":"https:\/\/japan-tengsu.co\/product\/1-tengu-bottle\/"},"modified":"2025-10-07T13:09:00","modified_gmt":"2025-10-07T13:09:00","slug":"1-tengu-flasche","status":"publish","type":"product","link":"https:\/\/japan-tengsu.co\/de\/product\/1-tengu-flasche\/","title":{"rendered":"1 JAPANISCHE TENGSU-FLASCHE"},"content":{"rendered":"<div class=\"\\&quot;first-sentence-half\\&quot;\"><span class=\"\\&quot;nd-word\\&quot;\">Japan\u00a0<\/span><span class=\"\\&quot;nd-word\\&quot;\">Tengsu\u00a0<\/span><span class=\"\\&quot;nd-word\\&quot;\">spielt\u00a0<\/span><span class=\"\\&quot;nd-word\\&quot;\">a\u00a0<\/span><span class=\"\\&quot;nd-word\\&quot;\">Haupt\u00a0<\/span><span class=\"\\&quot;nd-word\\&quot;\">Rolle\u00a0<\/span><span class=\"\\&quot;nd-word\\&quot;\">in\u00a0<\/span><span class=\"\\&quot;nd-word\\&quot;\">sexuell\u00a0<\/span><span class=\"\\&quot;nd-word\\&quot;\">m\u00e4nnlich\u00a0<\/span><span class=\"\\&quot;nd-word\\&quot;\">Erweiterung\u00a0<\/span><span class=\"\\&quot;nd-word\\&quot;\">Medikamente.\u00a0<\/span><span class=\"\\&quot;nd-word\\&quot;\">Dort <\/span><span class=\"\\&quot;nd-word\\&quot;\">sind\u00a0<\/span><span class=\"\\&quot;nd-word\\&quot;\">viele\u00a0<\/span><span class=\"\\&quot;nd-word\\&quot;\">Kapseln\u00a0<\/span><span class=\"\\&quot;nd-word\\&quot;\">und\u00a0<\/span><span class=\"\\&quot;nd-word\\&quot;\">Pillen\u00a0<\/span><span class=\"\\&quot;nd-word\\&quot;\">f\u00fcr\u00a0<\/span><span class=\"\\&quot;nd-word\\&quot;\">Sex\u00a0<\/span><span class=\"\\&quot;nd-word\\&quot;\">Erweiterung\u00a0<\/span><\/div>\n<div class=\"\\&quot;second-sentence-half\\&quot;\"><span class=\"\\&quot;nd-word\\&quot;\">verf\u00fcgbar\u00a0<\/span><span class=\"\\&quot;nd-word\\&quot;\">auf\u00a0<\/span><span class=\"\\&quot;nd-word\\&quot;\">die\u00a0<\/span><span class=\"\\&quot;nd-word\\&quot;\">Markt\u00a0<\/span><span class=\"\\&quot;nd-word\\&quot;\">dass\u00a0<\/span><span class=\"\\&quot;nd-word\\&quot;\">sind\u00a0<\/span><span class=\"\\&quot;nd-word\\&quot;\">sehr\u00a0<\/span><span class=\"\\&quot;nd-word\\&quot;\">hilfreich\u00a0<\/span><span class=\"\\&quot;nd-word\\&quot;\">f\u00fcr\u00a0<\/span><span class=\"\\&quot;nd-word\\&quot;\">M\u00e4nnchen,\u00a0<\/span><span class=\"\\&quot;nd-word\\&quot;\">sondern\u00a0<\/span><span class=\"\\&quot;nd-word\\&quot;\">Japan\u00a0<\/span><span class=\"\\&quot;nd-word\\&quot;\">Tengsu\u00a0<\/span><span class=\"\\&quot;nd-word\\&quot;\">ist\u00a0<\/span><span class=\"\\&quot;nd-word\\&quot;\">die\u00a0<\/span><span class=\"\\&quot;nd-word\\&quot;\">am besten\u00a0<\/span><span class=\"\\&quot;nd-word\\&quot;\">Weg\u00a0<\/span><span class=\"\\&quot;nd-word\\&quot;\">zu\u00a0<\/span><span class=\"\\&quot;nd-word\\&quot;\">verbessern\u00a0<\/span><span class=\"\\&quot;nd-word\\&quot;\">sexuell\u00a0<\/span><span class=\"\\&quot;nd-word\\&quot;\">Macht.\u00a0<\/span><\/div>\n<div><\/div>\n<div class=\"\\&quot;first-sentence-half\\&quot;\"><span class=\"\\&quot;nd-word\\&quot;\">Betreibt\u00a0<\/span><span class=\"\\&quot;nd-word\\&quot;\">an:\u00a0<\/span><\/div>\n<div><\/div>\n<ul>\n<li class=\"\\&quot;first-sentence-half\\&quot;\"><span class=\"\\&quot;nd-word\\&quot;\">verbessern\u00a0<\/span><span class=\"\\&quot;nd-word\\&quot;\">Insgesamt <\/span><span class=\"\\&quot;nd-word\\&quot;\">m\u00e4nnlich\u00a0<\/span><span class=\"\\&quot;nd-word\\&quot;\">sexuell\u00a0<\/span><span class=\"\\&quot;nd-word\\&quot;\">Aktivit\u00e4t.\u00a0<\/span><\/li>\n<li class=\"\\&quot;first-sentence-half\\&quot;\"><span class=\"\\&quot;nd-word\\&quot;\">Hemmende Wirkung\u00a0<\/span><span class=\"\\&quot;nd-word\\&quot;\">vorzeitig\u00a0<\/span><span class=\"\\&quot;nd-word\\&quot;\">Ejakulation\u00a0<\/span><span class=\"\\&quot;nd-word\\&quot;\">von\u00a0<\/span><span class=\"\\&quot;nd-word\\&quot;\">die\u00a0<\/span><span class=\"\\&quot;nd-word\\&quot;\">Stoff\u00a0<\/span><span class=\"\\&quot;nd-word\\&quot;\">w\u00e4hrend\u00a0<\/span><span class=\"\\&quot;nd-word\\&quot;\">engagiert\u00a0<\/span><span class=\"\\&quot;nd-word\\&quot;\">in\u00a0<\/span><span class=\"\\&quot;nd-word\\&quot;\">Sex\u00a0 <\/span><\/li>\n<li class=\"\\&quot;first-sentence-half\\&quot;\"><span class=\"\\&quot;nd-word\\&quot;\">Diese\u00a0<\/span><span class=\"\\&quot;nd-word\\&quot;\">Produkt\u00a0<\/span><span class=\"\\&quot;nd-word\\&quot;\">erh\u00f6ht <\/span><span class=\"\\&quot;nd-word\\&quot;\">Ausdauer\u00a0<\/span><span class=\"\\&quot;nd-word\\&quot;\">in\u00a0<\/span><span class=\"\\&quot;nd-word\\&quot;\">M\u00e4nner.\u00a0<\/span><\/li>\n<li class=\"\\&quot;first-sentence-half\\&quot;\"><span class=\"\\&quot;nd-word\\&quot;\">Hilfe\u00a0<\/span><span class=\"\\&quot;nd-word\\&quot;\">zu\u00a0<\/span><span class=\"\\&quot;nd-word\\&quot;\">vermeiden <\/span><span class=\"\\&quot;nd-word\\&quot;\">m\u00e4nnlich\u00a0<\/span><span class=\"\\&quot;nd-word\\&quot;\">erektile\u00a0<\/span><span class=\"\\&quot;nd-word\\&quot;\">Funktionsst\u00f6rung.\u00a0<\/span><\/li>\n<\/ul>","protected":false},"excerpt":{"rendered":"<p>Initial Japan Tengsu ist eine superstarke m\u00e4nnliche Verst\u00e4rkungspille f\u00fcr M\u00e4nner, die schnell wirkt. <span class=\"\\&quot;nd-word\\&quot;\">nur\u00a0 <\/span><span class=\"\\&quot;nd-word\\&quot;\">nimmt\u00a0<\/span><span class=\"\\&quot;nd-word\\&quot;\">20-30\u00a0<\/span><span class=\"\\&quot;nd-word\\&quot;\">Minuten.\u00a0 <\/span><span class=\"\\&quot;nd-word\\&quot;\">Es\u00a0<\/span><span class=\"\\&quot;nd-word\\&quot;\">wird\u00a0<\/span><span class=\"\\&quot;nd-word\\&quot;\">haben\u00a0<\/span><span class=\"\\&quot;nd-word\\&quot;\">a\u00a0<\/span><span class=\"\\&quot;nd-word\\&quot;\">Langlebig,\u00a0<\/span><span class=\"\\&quot;nd-word\\&quot;\">Firma,\u00a0<\/span><span class=\"\\&quot;nd-word\\&quot;\">hart\u00a0<\/span><span class=\"\\&quot;nd-word\\&quot;\">Montage\u00a0<\/span><span class=\"\\&quot;nd-word\\&quot;\">und\u00a0<\/span><span class=\"\\&quot;nd-word\\&quot;\">wird\u00a0<\/span><span class=\"\\&quot;nd-word\\&quot;\">erh\u00f6hen.\u00a0<\/span><span class=\"\\&quot;nd-word\\&quot;\">Ihr\u00a0<\/span><span class=\"\\&quot;nd-word\\&quot;\">Energie\u00a0<\/span><span class=\"\\&quot;nd-word\\&quot;\">f\u00fcr\u00a0<\/span><span class=\"\\&quot;nd-word\\&quot;\">sexuell\u00a0<\/span><span class=\"\\&quot;nd-word\\&quot;\">Aktivit\u00e4ten.<\/span><\/p>","protected":false},"featured_media":7639,"comment_status":"open","ping_status":"closed","template":"","meta":{"_uag_custom_page_level_css":"","site-sidebar-layout":"default","site-content-layout":"","ast-site-content-layout":"default","site-content-style":"default","site-sidebar-style":"default","ast-global-header-display":"","ast-banner-title-visibility":"","ast-main-header-display":"","ast-hfb-above-header-display":"","ast-hfb-below-header-display":"","ast-hfb-mobile-header-display":"","site-post-title":"","ast-breadcrumbs-content":"","ast-featured-img":"","footer-sml-layout":"","ast-disable-related-posts":"","theme-transparent-header-meta":"default","adv-header-id-meta":"","stick-header-meta":"","header-above-stick-meta":"","header-main-stick-meta":"","header-below-stick-meta":"","astra-migrate-meta-layouts":"set","ast-page-background-enabled":"default","ast-page-background-meta":{"desktop":{"background-color":"var(--ast-global-color-4)","background-image":"","background-repeat":"repeat","background-position":"center center","background-size":"auto","background-attachment":"scroll","background-type":"","background-media":"","overlay-type":"","overlay-color":"","overlay-opacity":"","overlay-gradient":""},"tablet":{"background-color":"","background-image":"","background-repeat":"repeat","background-position":"center center","background-size":"auto","background-attachment":"scroll","background-type":"","background-media":"","overlay-type":"","overlay-color":"","overlay-opacity":"","overlay-gradient":""},"mobile":{"background-color":"","background-image":"","background-repeat":"repeat","background-position":"center center","background-size":"auto","background-attachment":"scroll","background-type":"","background-media":"","overlay-type":"","overlay-color":"","overlay-opacity":"","overlay-gradient":""}},"ast-content-background-meta":{"desktop":{"background-color":"var(--ast-global-color-5)","background-image":"","background-repeat":"repeat","background-position":"center center","background-size":"auto","background-attachment":"scroll","background-type":"","background-media":"","overlay-type":"","overlay-color":"","overlay-opacity":"","overlay-gradient":""},"tablet":{"background-color":"var(--ast-global-color-5)","background-image":"","background-repeat":"repeat","background-position":"center center","background-size":"auto","background-attachment":"scroll","background-type":"","background-media":"","overlay-type":"","overlay-color":"","overlay-opacity":"","overlay-gradient":""},"mobile":{"background-color":"var(--ast-global-color-5)","background-image":"","background-repeat":"repeat","background-position":"center center","background-size":"auto","background-attachment":"scroll","background-type":"","background-media":"","overlay-type":"","overlay-color":"","overlay-opacity":"","overlay-gradient":""}},"advanced_seo_description":"","jetpack_seo_html_title":"","jetpack_seo_noindex":false,"jetpack_post_was_ever_published":false},"product_brand":[],"product_cat":[20],"product_tag":[],"class_list":{"0":"post-973","1":"product","2":"type-product","3":"status-publish","4":"has-post-thumbnail","6":"product_cat-buy-tengsu-japan","7":"desktop-align-left","8":"tablet-align-left","9":"mobile-align-left","11":"first","12":"instock","13":"sale","14":"shipping-taxable","15":"product-type-external"},"uagb_featured_image_src":{"full":["https:\/\/japan-tengsu.co\/wp-content\/uploads\/2018\/10\/1-1.jpg",450,450,false],"thumbnail":["https:\/\/japan-tengsu.co\/wp-content\/uploads\/2018\/10\/1-1-150x150.jpg",150,150,true],"medium":["https:\/\/japan-tengsu.co\/wp-content\/uploads\/2018\/10\/1-1-300x300.jpg",300,300,true],"medium_large":["https:\/\/japan-tengsu.co\/wp-content\/uploads\/2018\/10\/1-1.jpg",450,450,false],"large":["https:\/\/japan-tengsu.co\/wp-content\/uploads\/2018\/10\/1-1.jpg",450,450,false],"1536x1536":["https:\/\/japan-tengsu.co\/wp-content\/uploads\/2018\/10\/1-1.jpg",450,450,false],"2048x2048":["https:\/\/japan-tengsu.co\/wp-content\/uploads\/2018\/10\/1-1.jpg",450,450,false],"trp-custom-language-flag":["https:\/\/japan-tengsu.co\/wp-content\/uploads\/2018\/10\/1-1.jpg",12,12,false],"mailpoet_newsletter_max":["https:\/\/japan-tengsu.co\/wp-content\/uploads\/2018\/10\/1-1.jpg",450,450,false],"woocommerce_thumbnail":["https:\/\/japan-tengsu.co\/wp-content\/uploads\/2018\/10\/1-1-300x300.jpg",300,300,true],"woocommerce_single":["https:\/\/japan-tengsu.co\/wp-content\/uploads\/2018\/10\/1-1.jpg",450,450,false],"woocommerce_gallery_thumbnail":["https:\/\/japan-tengsu.co\/wp-content\/uploads\/2018\/10\/1-1-100x100.jpg",100,100,true]},"uagb_author_info":{"display_name":"jpanteng","author_link":"https:\/\/japan-tengsu.co\/de\/author\/"},"uagb_comment_info":4,"uagb_excerpt":"Initial Japan Tengsu is a super powerful male enhancement pill for men that works quickly. only\u00a0 takes\u00a020-30\u00a0minutes.\u00a0 It\u00a0will\u00a0have\u00a0a\u00a0long-lasting,\u00a0firm,\u00a0hard\u00a0erection\u00a0and\u00a0will\u00a0increase\u00a0your\u00a0energy\u00a0for\u00a0sexual\u00a0activities.","jetpack_sharing_enabled":true,"_links":{"self":[{"href":"https:\/\/japan-tengsu.co\/de\/wp-json\/wp\/v2\/product\/973","targetHints":{"allow":["GET"]}}],"collection":[{"href":"https:\/\/japan-tengsu.co\/de\/wp-json\/wp\/v2\/product"}],"about":[{"href":"https:\/\/japan-tengsu.co\/de\/wp-json\/wp\/v2\/types\/product"}],"replies":[{"embeddable":true,"href":"https:\/\/japan-tengsu.co\/de\/wp-json\/wp\/v2\/comments?post=973"}],"wp:featuredmedia":[{"embeddable":true,"href":"https:\/\/japan-tengsu.co\/de\/wp-json\/wp\/v2\/media\/7639"}],"wp:attachment":[{"href":"https:\/\/japan-tengsu.co\/de\/wp-json\/wp\/v2\/media?parent=973"}],"wp:term":[{"taxonomy":"product_brand","embeddable":true,"href":"https:\/\/japan-tengsu.co\/de\/wp-json\/wp\/v2\/product_brand?post=973"},{"taxonomy":"product_cat","embeddable":true,"href":"https:\/\/japan-tengsu.co\/de\/wp-json\/wp\/v2\/product_cat?post=973"},{"taxonomy":"product_tag","embeddable":true,"href":"https:\/\/japan-tengsu.co\/de\/wp-json\/wp\/v2\/product_tag?post=973"}],"curies":[{"name":"wp","href":"https:\/\/api.w.org\/{rel}","templated":true}]}}